{"id":872,"date":"2018-12-20T10:54:58","date_gmt":"2018-12-20T10:54:58","guid":{"rendered":"https:\/\/paroisse-notredamedelourdes-argenteuil.fr\/?page_id=872"},"modified":"2021-12-04T21:36:32","modified_gmt":"2021-12-04T20:36:32","slug":"fraternite-anizan","status":"publish","type":"page","link":"https:\/\/ndl95.fr\/fr_fr\/fraternite-anizan","title":{"rendered":"Fraternit\u00e9 Anizan"},"content":{"rendered":"<h1 align=\"center\">Fraternit\u00e9 Jean-\u00c9mile ANIZAN<\/h1>\n<div align=\"justify\">\n<p>La Fraternit\u00e9 Anizan, association loi 1901, a \u00e9t\u00e9 cr\u00e9\u00e9e officiellement en l\u2019an 2000 avec l\u2019accord du Sup\u00e9rieur G\u00e9n\u00e9ral des Fils de la Charit\u00e9, puis reconnue comme \u00ab Association priv\u00e9e de fid\u00e8les par le P\u00e8re G\u00e9rard Daucourt, \u00c9v\u00eaque de Nanterre le 15 janvier 2007.<\/p>\n<blockquote><p>\u00ab La Fraternit\u00e9 Anizan fait partie de ma vie de foi. Lire l\u2019\u00c9vangile avec l\u2019esprit du P\u00e8re Anizan ! Sa foi et sa vie concr\u00e8te sont tellement li\u00e9es, tellement fortes qu\u2019on ne peut qu\u2019avoir envie d\u2019approcher J\u00e9sus et de vivre gr\u00e2ce \u00e0 l\u2019Esprit \u00bb.<br \/>\n(Un membre de la Frat)<\/p><\/blockquote>\n<\/div>\n<h3>La Fraternit\u00e9 Anizan t&rsquo;offre des temps de :<\/h3>\n<div align=\"center\">\n<h4 align=\"center\">Partage<\/h4>\n<p><img loading=\"lazy\" decoding=\"async\" src=\"https:\/\/ndl95.fr\/wp-content\/uploads\/2019\/01\/FratAnizan-3-300x191.jpg\" alt=\"\" class=\"alignnone size-medium wp-image-913\" width=\"300\" height=\"191\" srcset=\"https:\/\/ndl95.fr\/wp-content\/uploads\/2019\/01\/FratAnizan-3-300x191.jpg 300w, https:\/\/ndl95.fr\/wp-content\/uploads\/2019\/01\/FratAnizan-3-768x489.jpg 768w, https:\/\/ndl95.fr\/wp-content\/uploads\/2019\/01\/FratAnizan-3-1024x651.jpg 1024w, https:\/\/ndl95.fr\/wp-content\/uploads\/2019\/01\/FratAnizan-3-50x32.jpg 50w, https:\/\/ndl95.fr\/wp-content\/uploads\/2019\/01\/FratAnizan-3.jpg 1973w\" sizes=\"auto, (max-width: 300px) 100vw, 300px\" \/><\/p>\n<h4 align=\"center\">Convivialit\u00e9<\/h4>\n<p><img loading=\"lazy\" decoding=\"async\" src=\"https:\/\/ndl95.fr\/wp-content\/uploads\/2019\/01\/FratAnizan-1-282x300.jpg\" alt=\"\" class=\"alignnone size-medium wp-image-911\" width=\"282\" height=\"300\" srcset=\"https:\/\/ndl95.fr\/wp-content\/uploads\/2019\/01\/FratAnizan-1-282x300.jpg 282w, https:\/\/ndl95.fr\/wp-content\/uploads\/2019\/01\/FratAnizan-1-768x817.jpg 768w, https:\/\/ndl95.fr\/wp-content\/uploads\/2019\/01\/FratAnizan-1-963x1024.jpg 963w, https:\/\/ndl95.fr\/wp-content\/uploads\/2019\/01\/FratAnizan-1-47x50.jpg 47w, https:\/\/ndl95.fr\/wp-content\/uploads\/2019\/01\/FratAnizan-1.jpg 1964w\" sizes=\"auto, (max-width: 282px) 100vw, 282px\" \/><\/p>\n<h4 align=\"center\">R\u00e9flexion et pri\u00e8re<\/h4>\n<\/div>\n<h3>\u00c0 toi qui as :<\/h3>\n<div align=\"center\">\n<h4 align=\"center\">Besoin de trouver comment mettre ta foi dans ta vie<\/h4>\n<p><img loading=\"lazy\" decoding=\"async\" src=\"https:\/\/ndl95.fr\/wp-content\/uploads\/2019\/01\/Espace-engag\u00e9s-27-et-28.02.10-081-300x176.jpg\" alt=\"\" class=\"alignnone size-medium wp-image-920\" width=\"300\" height=\"176\" srcset=\"https:\/\/ndl95.fr\/wp-content\/uploads\/2019\/01\/Espace-engag\u00e9s-27-et-28.02.10-081-300x176.jpg 300w, https:\/\/ndl95.fr\/wp-content\/uploads\/2019\/01\/Espace-engag\u00e9s-27-et-28.02.10-081-50x29.jpg 50w, https:\/\/ndl95.fr\/wp-content\/uploads\/2019\/01\/Espace-engag\u00e9s-27-et-28.02.10-081.jpg 619w\" sizes=\"auto, (max-width: 300px) 100vw, 300px\" \/><\/p>\n<h4 align=\"center\">Faim d&rsquo;amiti\u00e9 et d&rsquo;\u00e9change<\/h4>\n<p><img loading=\"lazy\" decoding=\"async\" src=\"https:\/\/ndl95.fr\/wp-content\/uploads\/2019\/01\/Anizan-Lourdes-071-300x225.jpg\" alt=\"\" class=\"alignnone size-medium wp-image-918\" width=\"300\" height=\"225\" srcset=\"https:\/\/ndl95.fr\/wp-content\/uploads\/2019\/01\/Anizan-Lourdes-071-300x225.jpg 300w, https:\/\/ndl95.fr\/wp-content\/uploads\/2019\/01\/Anizan-Lourdes-071-768x576.jpg 768w, https:\/\/ndl95.fr\/wp-content\/uploads\/2019\/01\/Anizan-Lourdes-071-1024x768.jpg 1024w, https:\/\/ndl95.fr\/wp-content\/uploads\/2019\/01\/Anizan-Lourdes-071-50x38.jpg 50w\" sizes=\"auto, (max-width: 300px) 100vw, 300px\" \/><\/p>\n<h4 align=\"center\">Le souci des \u00ab sans \u00bb : revenus, papiers, logis et des isol\u00e9s comme de ceux qui gagnent leur vie au jour le jour<\/h4>\n<\/div>\n<h3>Coordonn\u00e9es<\/h3>\n<div align=\"justify\"><span style=\"font-size: 14pt;\">Fraternit\u00e9 Anizan<\/span><br \/>\n<span style=\"font-size: 14pt;\">22 rue de l\u2019Abb\u00e9 Derry<\/span><br \/>\n<span style=\"font-size: 14pt;\">92130 Issy-les-Moulineaux<\/span><br \/>\n<span style=\"font-size: 14pt;\">Tel : 01.39.61.55.14 \/ 06.62.08.55.14<\/span><br \/>\n<span style=\"font-size: 14pt;\">Mail : <a href=\"mailto:fraternite.anizan1@gmail.com\">fraternite.anizan1@gmail.com<\/a><\/span><br \/>\n<span style=\"font-size: 14pt;\">Site internet : <a href=\"https:\/\/filsdelacharite.org\/\">https:\/\/www.filsdelacharite.org<\/a><\/span><br \/>\n<span style=\"font-size: 14pt;\">Rubique Famille Anizan et la Fraternit\u00e9 Anizan<\/span><br \/>\n<span style=\"font-size: 14pt;\">(Site h\u00e9berg\u00e9 par les Fils de la Charit\u00e9)<\/span><\/div>\n","protected":false},"excerpt":{"rendered":"<p>Fraternit\u00e9 Jean-\u00c9mile ANIZAN La Fraternit\u00e9 Anizan, association loi 1901, a \u00e9t\u00e9 cr\u00e9\u00e9e officiellement en l\u2019an 2000 avec l\u2019accord du Sup\u00e9rieur G\u00e9n\u00e9ral des Fils de la Charit\u00e9, puis reconnue comme \u00ab Association priv\u00e9e de fid\u00e8les par le P\u00e8re G\u00e9rard Daucourt, \u00c9v\u00eaque de Nanterre le 15 janvier 2007. \u00ab La Fraternit\u00e9 Anizan [&hellip;]<\/p>\n","protected":false},"author":2,"featured_media":0,"parent":0,"menu_order":0,"comment_status":"closed","ping_status":"closed","template":"","meta":{"jetpack_post_was_ever_published":false,"footnotes":""},"class_list":["post-872","page","type-page","status-publish","hentry"],"wppr_data":{"cwp_meta_box_check":"No"},"jetpack_sharing_enabled":true,"jetpack_shortlink":"https:\/\/wp.me\/PaXxqy-e4","_links":{"self":[{"href":"https:\/\/ndl95.fr\/fr_fr\/wp-json\/wp\/v2\/pages\/872","targetHints":{"allow":["GET"]}}],"collection":[{"href":"https:\/\/ndl95.fr\/fr_fr\/wp-json\/wp\/v2\/pages"}],"about":[{"href":"https:\/\/ndl95.fr\/fr_fr\/wp-json\/wp\/v2\/types\/page"}],"author":[{"embeddable":true,"href":"https:\/\/ndl95.fr\/fr_fr\/wp-json\/wp\/v2\/users\/2"}],"replies":[{"embeddable":true,"href":"https:\/\/ndl95.fr\/fr_fr\/wp-json\/wp\/v2\/comments?post=872"}],"version-history":[{"count":31,"href":"https:\/\/ndl95.fr\/fr_fr\/wp-json\/wp\/v2\/pages\/872\/revisions"}],"predecessor-version":[{"id":969,"href":"https:\/\/ndl95.fr\/fr_fr\/wp-json\/wp\/v2\/pages\/872\/revisions\/969"}],"wp:attachment":[{"href":"https:\/\/ndl95.fr\/fr_fr\/wp-json\/wp\/v2\/media?parent=872"}],"curies":[{"name":"wp","href":"https:\/\/api.w.org\/{rel}","templated":true}]}}