{"id":797,"date":"2018-12-04T13:23:19","date_gmt":"2018-12-04T13:23:19","guid":{"rendered":"https:\/\/paroisse-notredamedelourdes-argenteuil.fr\/?page_id=797"},"modified":"2021-12-04T21:36:32","modified_gmt":"2021-12-04T20:36:32","slug":"sacrements","status":"publish","type":"page","link":"https:\/\/ndl95.fr\/fr_fr\/sacrements","title":{"rendered":"Sacrements"},"content":{"rendered":"<style>\ntd {text-align:center;}\n<\/style>\n<h1 align=\"center\">Sacrements<\/h1>\n<table align=\"center\">\n<tr>\n<td><a href=\"https:\/\/ndl95.fr\/devenir-chretien\">Devenir Chr\u00e9tien<\/a><\/td>\n<td><a href=\"https:\/\/ndl95.fr\/bapteme\">Bapt\u00eame<\/a><\/td>\n<td><a href=\"https:\/\/ndl95.fr\/eucharistie\">Eucharistie<\/a><\/td>\n<td><a href=\"https:\/\/ndl95.fr\/confirmation\">Confirmation<\/a><\/td>\n<td><a href=\"https:\/\/ndl95.fr\/mariage\">Mariage<\/a><\/td>\n<\/tr>\n<\/table>\n<table align=\"center\">\n<tr>\n<td><a href=\"https:\/\/ndl95.fr\/sacrement-de-la-reconciliation\">Sacrement de la r\u00e9conciliation<\/a><\/td>\n<td><a href=\"https:\/\/ndl95.fr\/sacrement-des-malades\">Sacrement des malades<\/a><\/td>\n<td><a href=\"https:\/\/ndl95.fr\/accueil-des-familles-en-deuil\">Accueil des familles en deuil<\/a><\/td>\n<\/tr>\n<\/table>\n<p><\/p>\n","protected":false},"excerpt":{"rendered":"<p>Sacrements Devenir Chr\u00e9tien Bapt\u00eame Eucharistie Confirmation Mariage Sacrement de la r\u00e9conciliation Sacrement des malades Accueil des familles en deuil<\/p>\n","protected":false},"author":2,"featured_media":0,"parent":0,"menu_order":0,"comment_status":"closed","ping_status":"closed","template":"","meta":{"jetpack_post_was_ever_published":false,"footnotes":""},"class_list":["post-797","page","type-page","status-publish","hentry"],"wppr_data":{"cwp_meta_box_check":"No"},"jetpack_sharing_enabled":true,"jetpack_shortlink":"https:\/\/wp.me\/PaXxqy-cR","_links":{"self":[{"href":"https:\/\/ndl95.fr\/fr_fr\/wp-json\/wp\/v2\/pages\/797","targetHints":{"allow":["GET"]}}],"collection":[{"href":"https:\/\/ndl95.fr\/fr_fr\/wp-json\/wp\/v2\/pages"}],"about":[{"href":"https:\/\/ndl95.fr\/fr_fr\/wp-json\/wp\/v2\/types\/page"}],"author":[{"embeddable":true,"href":"https:\/\/ndl95.fr\/fr_fr\/wp-json\/wp\/v2\/users\/2"}],"replies":[{"embeddable":true,"href":"https:\/\/ndl95.fr\/fr_fr\/wp-json\/wp\/v2\/comments?post=797"}],"version-history":[{"count":6,"href":"https:\/\/ndl95.fr\/fr_fr\/wp-json\/wp\/v2\/pages\/797\/revisions"}],"predecessor-version":[{"id":809,"href":"https:\/\/ndl95.fr\/fr_fr\/wp-json\/wp\/v2\/pages\/797\/revisions\/809"}],"wp:attachment":[{"href":"https:\/\/ndl95.fr\/fr_fr\/wp-json\/wp\/v2\/media?parent=797"}],"curies":[{"name":"wp","href":"https:\/\/api.w.org\/{rel}","templated":true}]}}