{"id":760,"date":"2018-11-30T10:49:55","date_gmt":"2018-11-30T10:49:55","guid":{"rendered":"https:\/\/paroisse-notredamedelourdes-argenteuil.fr\/?page_id=760"},"modified":"2021-12-04T21:36:32","modified_gmt":"2021-12-04T20:36:32","slug":"mouvements-adultes","status":"publish","type":"page","link":"https:\/\/ndl95.fr\/fr_fr\/mouvements-adultes","title":{"rendered":"Mouvements d&rsquo;adultes"},"content":{"rendered":"<h1 align=\"center\">Mouvements d&rsquo;adultes<\/h1>\n<p><a href=\"https:\/\/ndl95.fr\/foi-et-lumiere\"><br \/>\n<strong><\/p>\n<h3 align=\"center\">FOI et LUMI\u00c8RE<\/h3>\n<p><\/strong><\/a><\/p>\n<p>&nbsp;<\/p>\n<div align=\"center\"><img decoding=\"async\" src=\"https:\/\/oise.catholique.fr\/mouvements-et-associations-des-fideles\/sante\/foi-et-lumiere\/foi-et-lumiere\/image_large\" \/><\/div>\n<p><a href=\"https:\/\/ndl95.fr\/aco\"><br \/>\n<strong><\/p>\n<h3 align=\"center\">ACO (Action Catholique Ouvri\u00e8re)<\/h3>\n<p><\/strong><\/a><\/p>\n<div align=\"center\"><img decoding=\"async\" src=\"http:\/\/www.mdaroubaix.org\/medias\/images\/aco-1-.jpg\" width=\"50%\" \/><\/div>\n<p>&nbsp;<\/p>\n<p>&nbsp;<\/p>\n<p>&nbsp;<\/p>\n<p><a href=\"https:\/\/ndl95.fr\/secours-catholique\"><br \/>\n<strong><\/p>\n<h3 align=\"center\">Secours Catholique<\/h3>\n<p><\/strong><\/a><\/p>\n<p>&nbsp;<\/p>\n<div align=\"center\"><img decoding=\"async\" src=\"https:\/\/ndl95.fr\/wp-content\/uploads\/2018\/11\/secourscatho.png\" \/><\/div>\n<p>&nbsp;<\/p>\n<p>&nbsp;<\/p>\n<p>&nbsp;<br \/>\n<strong><\/p>\n<h3 align=\"center\"><a href=\"https:\/\/ndl95.fr\/mouvement-chretien-des-retraites\">MCR (Mouvement chr\u00e9tien des retrait\u00e9s)<\/a><\/h3>\n<p><\/strong><\/p>\n<div align=\"center\"><img decoding=\"async\" src=\"http:\/\/www.orne.catholique.fr\/images\/Services\/Action_Catholique\/logo-mcr.jpg\" width=\"50%\" \/><\/div>\n<h3 align=\"center\">Comit\u00e9 Catholique contre la Faim et pour le D\u00e9veloppement Terre solidaire<\/h3>\n","protected":false},"excerpt":{"rendered":"<p>Mouvements d&rsquo;adultes FOI et LUMI\u00c8RE &nbsp; ACO (Action Catholique Ouvri\u00e8re) &nbsp; &nbsp; &nbsp; Secours Catholique &nbsp; &nbsp; &nbsp; &nbsp; MCR (Mouvement chr\u00e9tien des retrait\u00e9s) Comit\u00e9 Catholique contre la Faim et pour le D\u00e9veloppement Terre solidaire<\/p>\n","protected":false},"author":2,"featured_media":0,"parent":0,"menu_order":0,"comment_status":"closed","ping_status":"closed","template":"","meta":{"jetpack_post_was_ever_published":false,"footnotes":""},"class_list":["post-760","page","type-page","status-publish","hentry"],"wppr_data":{"cwp_meta_box_check":"No"},"jetpack_sharing_enabled":true,"jetpack_shortlink":"https:\/\/wp.me\/PaXxqy-cg","_links":{"self":[{"href":"https:\/\/ndl95.fr\/fr_fr\/wp-json\/wp\/v2\/pages\/760","targetHints":{"allow":["GET"]}}],"collection":[{"href":"https:\/\/ndl95.fr\/fr_fr\/wp-json\/wp\/v2\/pages"}],"about":[{"href":"https:\/\/ndl95.fr\/fr_fr\/wp-json\/wp\/v2\/types\/page"}],"author":[{"embeddable":true,"href":"https:\/\/ndl95.fr\/fr_fr\/wp-json\/wp\/v2\/users\/2"}],"replies":[{"embeddable":true,"href":"https:\/\/ndl95.fr\/fr_fr\/wp-json\/wp\/v2\/comments?post=760"}],"version-history":[{"count":15,"href":"https:\/\/ndl95.fr\/fr_fr\/wp-json\/wp\/v2\/pages\/760\/revisions"}],"predecessor-version":[{"id":983,"href":"https:\/\/ndl95.fr\/fr_fr\/wp-json\/wp\/v2\/pages\/760\/revisions\/983"}],"wp:attachment":[{"href":"https:\/\/ndl95.fr\/fr_fr\/wp-json\/wp\/v2\/media?parent=760"}],"curies":[{"name":"wp","href":"https:\/\/api.w.org\/{rel}","templated":true}]}}