{"id":749,"date":"2018-11-30T09:29:43","date_gmt":"2018-11-30T09:29:43","guid":{"rendered":"https:\/\/paroisse-notredamedelourdes-argenteuil.fr\/?page_id=749"},"modified":"2021-12-04T21:36:32","modified_gmt":"2021-12-04T20:36:32","slug":"groupes-de-priere","status":"publish","type":"page","link":"https:\/\/ndl95.fr\/fr_fr\/groupes-de-priere","title":{"rendered":"Groupes de pri\u00e8re"},"content":{"rendered":"<h1 align=\"center\">Groupes de pri\u00e8re<\/h1>\n<h3 align=\"center\"><a href=\"https:\/\/ndl95.fr\/fraternite-anizan\">Fraternit\u00e9 Anizan<\/a><\/h3>\n<h3 align=\"center\"><a href=\"http:\/\/equipes-rosaire.org\/\">\u00c9quipes du Rosaire<\/a><\/h3>\n","protected":false},"excerpt":{"rendered":"<p>Groupes de pri\u00e8re Fraternit\u00e9 Anizan \u00c9quipes du Rosaire<\/p>\n","protected":false},"author":2,"featured_media":0,"parent":0,"menu_order":0,"comment_status":"closed","ping_status":"closed","template":"","meta":{"jetpack_post_was_ever_published":false,"footnotes":""},"class_list":["post-749","page","type-page","status-publish","hentry"],"wppr_data":{"cwp_meta_box_check":"No"},"jetpack_sharing_enabled":true,"jetpack_shortlink":"https:\/\/wp.me\/PaXxqy-c5","_links":{"self":[{"href":"https:\/\/ndl95.fr\/fr_fr\/wp-json\/wp\/v2\/pages\/749","targetHints":{"allow":["GET"]}}],"collection":[{"href":"https:\/\/ndl95.fr\/fr_fr\/wp-json\/wp\/v2\/pages"}],"about":[{"href":"https:\/\/ndl95.fr\/fr_fr\/wp-json\/wp\/v2\/types\/page"}],"author":[{"embeddable":true,"href":"https:\/\/ndl95.fr\/fr_fr\/wp-json\/wp\/v2\/users\/2"}],"replies":[{"embeddable":true,"href":"https:\/\/ndl95.fr\/fr_fr\/wp-json\/wp\/v2\/comments?post=749"}],"version-history":[{"count":14,"href":"https:\/\/ndl95.fr\/fr_fr\/wp-json\/wp\/v2\/pages\/749\/revisions"}],"predecessor-version":[{"id":1065,"href":"https:\/\/ndl95.fr\/fr_fr\/wp-json\/wp\/v2\/pages\/749\/revisions\/1065"}],"wp:attachment":[{"href":"https:\/\/ndl95.fr\/fr_fr\/wp-json\/wp\/v2\/media?parent=749"}],"curies":[{"name":"wp","href":"https:\/\/api.w.org\/{rel}","templated":true}]}}