{"id":55,"date":"2018-02-18T00:06:52","date_gmt":"2018-02-18T00:06:52","guid":{"rendered":"https:\/\/paroisse-notredamedelourdes-argenteuil.fr\/?page_id=55"},"modified":"2019-03-13T17:15:28","modified_gmt":"2019-03-13T16:15:28","slug":"liturgie-et-priere","status":"publish","type":"page","link":"https:\/\/ndl95.fr\/fr_fr\/liturgie-et-priere","title":{"rendered":"Liturgie et Pri\u00e8re"},"content":{"rendered":"<h1 align=\"center\">Liturgie et Pri\u00e8re<\/h1>\n<p><a href=\"https:\/\/www.aelf.org\/\" target=\"_blank\" rel=\"noopener noreferrer\">Pri\u00e8re quotidienne sur le site de l&rsquo;Association \u00c9piscopale Liturgique pour les pays Francophones<\/a><\/p>\n","protected":false},"excerpt":{"rendered":"<p>Liturgie et Pri\u00e8re Pri\u00e8re quotidienne sur le site de l&rsquo;Association \u00c9piscopale Liturgique pour les pays Francophones<\/p>\n","protected":false},"author":1,"featured_media":452,"parent":0,"menu_order":0,"comment_status":"closed","ping_status":"closed","template":"","meta":{"jetpack_post_was_ever_published":false,"footnotes":""},"class_list":["post-55","page","type-page","status-publish","has-post-thumbnail","hentry"],"wppr_data":{"cwp_meta_box_check":"No"},"jetpack_sharing_enabled":true,"jetpack_shortlink":"https:\/\/wp.me\/PaXxqy-T","_links":{"self":[{"href":"https:\/\/ndl95.fr\/fr_fr\/wp-json\/wp\/v2\/pages\/55","targetHints":{"allow":["GET"]}}],"collection":[{"href":"https:\/\/ndl95.fr\/fr_fr\/wp-json\/wp\/v2\/pages"}],"about":[{"href":"https:\/\/ndl95.fr\/fr_fr\/wp-json\/wp\/v2\/types\/page"}],"author":[{"embeddable":true,"href":"https:\/\/ndl95.fr\/fr_fr\/wp-json\/wp\/v2\/users\/1"}],"replies":[{"embeddable":true,"href":"https:\/\/ndl95.fr\/fr_fr\/wp-json\/wp\/v2\/comments?post=55"}],"version-history":[{"count":5,"href":"https:\/\/ndl95.fr\/fr_fr\/wp-json\/wp\/v2\/pages\/55\/revisions"}],"predecessor-version":[{"id":1095,"href":"https:\/\/ndl95.fr\/fr_fr\/wp-json\/wp\/v2\/pages\/55\/revisions\/1095"}],"wp:featuredmedia":[{"embeddable":true,"href":"https:\/\/ndl95.fr\/fr_fr\/wp-json\/wp\/v2\/media\/452"}],"wp:attachment":[{"href":"https:\/\/ndl95.fr\/fr_fr\/wp-json\/wp\/v2\/media?parent=55"}],"curies":[{"name":"wp","href":"https:\/\/api.w.org\/{rel}","templated":true}]}}