{"id":516,"date":"2018-11-14T09:38:04","date_gmt":"2018-11-14T09:38:04","guid":{"rendered":"https:\/\/paroisse-notredamedelourdes-argenteuil.fr\/?page_id=516"},"modified":"2021-12-04T21:36:15","modified_gmt":"2021-12-04T20:36:15","slug":"catechisme","status":"publish","type":"page","link":"https:\/\/ndl95.fr\/fr_fr\/catechisme","title":{"rendered":"Cat\u00e9chisme"},"content":{"rendered":"<p><strong><\/p>\n<h1 align=\"center\">Cat\u00e9chisme<\/h1>\n<p><\/strong><\/p>\n<div align=\"justify\">\n<p>Fin 2006, paraissait le Texte national pour l\u2019orientation de la cat\u00e9ch\u00e8se en France, fruit des r\u00e9flexions de nos \u00e9v\u00eaques. Ce texte a donn\u00e9 naissance \u00e0 toute une s\u00e9rie de nouveaux documents qui en int\u00e8grent les grands principes.<\/p>\n<\/div>\n<p><img loading=\"lazy\" decoding=\"async\" src=\"https:\/\/ndl95.fr\/wp-content\/uploads\/2018\/11\/livre_cathe1.png\" class=\"alignleft\" width=\"120\" height=\"160\" align=\"middle\" \/><\/p>\n<div align=\"justify\">\n<p>Les enfants re\u00e7oivent une proposition cat\u00e9ch\u00e9tique, intitul\u00e9e \u00ab\u00a0A la rencontre du Seigneur\u00a0\u00bb, comprenant un classeur (\u00ab\u00a0Seigneur, tu nous appelles\u00a0\u00bb) contenant un certain nombre de modules, car la cat\u00e9ch\u00e8se s\u2019organise d\u00e9sormais en modules, et un livre de r\u00e9f\u00e9rence, une v\u00e9ritable Bible, \u00ab\u00a0Parle, Seigneur, ta Parole est un tr\u00e9sor\u00a0\u00bb, car la cat\u00e9ch\u00e8se s\u2019appuie sur la parole de Dieu.<\/p>\n<\/div>\n<p><img loading=\"lazy\" decoding=\"async\" src=\"https:\/\/ndl95.fr\/wp-content\/uploads\/2018\/11\/livre_cathe2.png\" alt=\"\" class=\"wp-image-593 alignright\" width=\"118\" height=\"158\" srcset=\"https:\/\/ndl95.fr\/wp-content\/uploads\/2018\/11\/livre_cathe2.png 120w, https:\/\/ndl95.fr\/wp-content\/uploads\/2018\/11\/livre_cathe2-38x50.png 38w\" sizes=\"auto, (max-width: 118px) 100vw, 118px\" \/><\/p>\n<div align=\"justify\">\n<p>Chaque quinzaine, plus particuli\u00e8rement le samedi apr\u00e8s-midi \u00e0 Notre Dame de Lourdes ou \u00e0 Saint-Jean , les enfants se retrouvent par groupes de 6 \u00e0 8 autour d\u2019une cat\u00e9chiste et des parents pour d\u00e9couvrir pendant une heure et demie le Dieu de J\u00e9sus-Christ qui nous fait vivre. Un rassemblement regroupant tous les enfants du groupement paroissial et leurs parents sera organis\u00e9 une fois par trimestre.<\/p>\n<\/div>\n<div align=\"justify\">\n<p><img loading=\"lazy\" decoding=\"async\" src=\"https:\/\/ndl95.fr\/wp-content\/uploads\/2018\/11\/livre_cathe3.png\" alt=\"\" class=\"wp-image-594 alignleft\" width=\"117\" height=\"156\" srcset=\"https:\/\/ndl95.fr\/wp-content\/uploads\/2018\/11\/livre_cathe3.png 120w, https:\/\/ndl95.fr\/wp-content\/uploads\/2018\/11\/livre_cathe3-38x50.png 38w\" sizes=\"auto, (max-width: 117px) 100vw, 117px\" \/><\/p>\n<p>Pour les CM2, le temps fort de l\u2019ann\u00e9e, c\u2019est la premi\u00e8re des communions qui aura lieu au printemps. Pourpr\u00e9parer au mieux les enfants \u00e0 recevoir ce sacrement pour la premi\u00e8re fois, nous allons, d\u2019une part, travailler, au cours des deuxi\u00e8me et troisi\u00e8me avec un Module particulier, intitul\u00e9 \u00ab\u00a0Chemin vers l\u2019Eucharistie\u00a0\u00bb, et nous allons, d\u2019autre part, demander aux enfants d\u2019assister, plus particuli\u00e8rement, \u00e0 la messe.<\/p>\n<p>Ils vont ainsi vivre un cheminement au cours duquel ils seront d\u2019abord accueillis par le pr\u00eatre et par un membre de la communaut\u00e9, puis ils exprimeront leur d\u00e9sir de communier dans une lettre adress\u00e9e \u00e0 notre cur\u00e9 et, enfin, ils seront appel\u00e9s \u00e0 se tenir pr\u00eats \u00e0 recevoir ce sacrement.<\/p>\n<\/div>\n<div align=\"justify\">\n<p>Tout au long de l\u2019ann\u00e9e les familles sont invit\u00e9es \u00e0 participer aux messes, et en particulier, aux messes qui sont tout sp\u00e9cialement destin\u00e9es aux enfants.<\/p>\n<\/div>\n","protected":false},"excerpt":{"rendered":"<p>Cat\u00e9chisme Fin 2006, paraissait le Texte national pour l\u2019orientation de la cat\u00e9ch\u00e8se en France, fruit des r\u00e9flexions de nos \u00e9v\u00eaques. Ce texte a donn\u00e9 naissance \u00e0 toute une s\u00e9rie de nouveaux documents qui en int\u00e8grent les grands principes. Les enfants re\u00e7oivent une proposition cat\u00e9ch\u00e9tique, intitul\u00e9e \u00ab\u00a0A la rencontre du Seigneur\u00a0\u00bb, [&hellip;]<\/p>\n","protected":false},"author":2,"featured_media":618,"parent":0,"menu_order":0,"comment_status":"closed","ping_status":"closed","template":"","meta":{"jetpack_post_was_ever_published":false,"footnotes":""},"class_list":["post-516","page","type-page","status-publish","has-post-thumbnail","hentry"],"wppr_data":{"cwp_meta_box_check":"No"},"jetpack_sharing_enabled":true,"jetpack_shortlink":"https:\/\/wp.me\/PaXxqy-8k","_links":{"self":[{"href":"https:\/\/ndl95.fr\/fr_fr\/wp-json\/wp\/v2\/pages\/516","targetHints":{"allow":["GET"]}}],"collection":[{"href":"https:\/\/ndl95.fr\/fr_fr\/wp-json\/wp\/v2\/pages"}],"about":[{"href":"https:\/\/ndl95.fr\/fr_fr\/wp-json\/wp\/v2\/types\/page"}],"author":[{"embeddable":true,"href":"https:\/\/ndl95.fr\/fr_fr\/wp-json\/wp\/v2\/users\/2"}],"replies":[{"embeddable":true,"href":"https:\/\/ndl95.fr\/fr_fr\/wp-json\/wp\/v2\/comments?post=516"}],"version-history":[{"count":24,"href":"https:\/\/ndl95.fr\/fr_fr\/wp-json\/wp\/v2\/pages\/516\/revisions"}],"predecessor-version":[{"id":712,"href":"https:\/\/ndl95.fr\/fr_fr\/wp-json\/wp\/v2\/pages\/516\/revisions\/712"}],"wp:featuredmedia":[{"embeddable":true,"href":"https:\/\/ndl95.fr\/fr_fr\/wp-json\/wp\/v2\/media\/618"}],"wp:attachment":[{"href":"https:\/\/ndl95.fr\/fr_fr\/wp-json\/wp\/v2\/media?parent=516"}],"curies":[{"name":"wp","href":"https:\/\/api.w.org\/{rel}","templated":true}]}}