{"id":499,"date":"2018-11-13T14:05:28","date_gmt":"2018-11-13T14:05:28","guid":{"rendered":"https:\/\/paroisse-notredamedelourdes-argenteuil.fr\/?page_id=499"},"modified":"2021-12-04T21:36:32","modified_gmt":"2021-12-04T20:36:32","slug":"service-evangelique-des-malades","status":"publish","type":"page","link":"https:\/\/ndl95.fr\/fr_fr\/service-evangelique-des-malades","title":{"rendered":"Service \u00c9vang\u00e9lique des Malades"},"content":{"rendered":"<h1 align=\"center\">Service \u00c9vang\u00e9lique des Malades<\/h1>\n<div align=\"justify\">\n<p>Le Service Evang\u00e9lique des Malades institu\u00e9 sur la paroisse pourrait s&rsquo;appeler \u00ab\u00a0Amiti\u00e9-Sant\u00e9\u00a0\u00bb. Quand survient la maladie ou quand arrive la perte d&rsquo;autonomie, notre soci\u00e9t\u00e9 essaie de r\u00e9pondre aux besoins mat\u00e9riels des personnes et de la famille. Ce n&rsquo;est pas la mission d'\u00a0\u00bbAmiti\u00e9-Sant\u00e9\u00a0\u00bb qui est un service de visite gratuite. S&rsquo;ouvre alors le temps de la parole, de l&rsquo;\u00e9coute, du r\u00e9confort et avec tr\u00e8s souvent le temps de la recherche de sens.<\/p>\n<p><img decoding=\"async\" src=\"https:\/\/ndl95.fr\/wp-content\/uploads\/2018\/12\/SEM-3.jpg\"><\/p>\n<p>La communaut\u00e9 chr\u00e9tienne n&rsquo;oublie pas ses membres absents, les personnes emp\u00each\u00e9es physiquement de participer \u00e0 l&rsquo;Eucharistie peuvent demander \u00e0 recevoir le Christ l\u00e0 o\u00f9 elles se trouvent . Elle n&rsquo;oublie pas ceux et celles qui n&rsquo;ont jamais os\u00e9 franchir les portes de l&rsquo;\u00e9glise, elle s&rsquo;adresse \u00e0 tous, \u00e0 l&rsquo;image du Christ qui passait sur la terre \u00ab\u00a0en faisant le bien\u00a0\u00bb (Ac 10,38). Il s&rsquo;agit de rejoindre chaque personne qui le demande dans ce qu&rsquo;elle vit et de nous ajuster \u00e0 ses pr\u00e9occupations et \u00e0 ses attentes spirituelles.<\/p>\n<p>Sur notre quartier plusieurs \u00e9tablissements (EPADH) re\u00e7oivent la visite r\u00e9guli\u00e8re de membres du SEM. La messe est c\u00e9l\u00e9br\u00e9e r\u00e9guli\u00e8rement dans chacun de ces \u00e9tablissements et des membres \u2013 reconnus par la direction \u2013 passent visiter les personnes qui le demandent. D&rsquo;autres membres du SEM font \u00e9galement des visites \u00e0 domicile et, si les personnes le demandent portent la Communion.<\/p>\n<p>Contact sur la paroisse :<br \/>\nYvette CHEVALIER \u2013 06.75.64.00.68<br \/>\nMarie-Juliette GERARD \u2013 06.62.08.55.14<\/p>\n<p><img decoding=\"async\" src=\"https:\/\/ndl95.fr\/wp-content\/uploads\/2018\/12\/SEM-1.jpg\"><\/p>\n<\/div>\n","protected":false},"excerpt":{"rendered":"<p>Service \u00c9vang\u00e9lique des Malades Le Service Evang\u00e9lique des Malades institu\u00e9 sur la paroisse pourrait s&rsquo;appeler \u00ab\u00a0Amiti\u00e9-Sant\u00e9\u00a0\u00bb. Quand survient la maladie ou quand arrive la perte d&rsquo;autonomie, notre soci\u00e9t\u00e9 essaie de r\u00e9pondre aux besoins mat\u00e9riels des personnes et de la famille. Ce n&rsquo;est pas la mission d&rsquo;\u00a0\u00bbAmiti\u00e9-Sant\u00e9\u00a0\u00bb qui est un service [&hellip;]<\/p>\n","protected":false},"author":2,"featured_media":858,"parent":0,"menu_order":0,"comment_status":"closed","ping_status":"closed","template":"","meta":{"jetpack_post_was_ever_published":false,"footnotes":""},"class_list":["post-499","page","type-page","status-publish","has-post-thumbnail","hentry"],"wppr_data":{"cwp_meta_box_check":"No"},"jetpack_sharing_enabled":true,"jetpack_shortlink":"https:\/\/wp.me\/PaXxqy-83","_links":{"self":[{"href":"https:\/\/ndl95.fr\/fr_fr\/wp-json\/wp\/v2\/pages\/499","targetHints":{"allow":["GET"]}}],"collection":[{"href":"https:\/\/ndl95.fr\/fr_fr\/wp-json\/wp\/v2\/pages"}],"about":[{"href":"https:\/\/ndl95.fr\/fr_fr\/wp-json\/wp\/v2\/types\/page"}],"author":[{"embeddable":true,"href":"https:\/\/ndl95.fr\/fr_fr\/wp-json\/wp\/v2\/users\/2"}],"replies":[{"embeddable":true,"href":"https:\/\/ndl95.fr\/fr_fr\/wp-json\/wp\/v2\/comments?post=499"}],"version-history":[{"count":8,"href":"https:\/\/ndl95.fr\/fr_fr\/wp-json\/wp\/v2\/pages\/499\/revisions"}],"predecessor-version":[{"id":870,"href":"https:\/\/ndl95.fr\/fr_fr\/wp-json\/wp\/v2\/pages\/499\/revisions\/870"}],"wp:featuredmedia":[{"embeddable":true,"href":"https:\/\/ndl95.fr\/fr_fr\/wp-json\/wp\/v2\/media\/858"}],"wp:attachment":[{"href":"https:\/\/ndl95.fr\/fr_fr\/wp-json\/wp\/v2\/media?parent=499"}],"curies":[{"name":"wp","href":"https:\/\/api.w.org\/{rel}","templated":true}]}}