{"id":474,"date":"2018-11-12T14:35:57","date_gmt":"2018-11-12T14:35:57","guid":{"rendered":"https:\/\/paroisse-notredamedelourdes-argenteuil.fr\/?page_id=474"},"modified":"2019-01-17T15:00:58","modified_gmt":"2019-01-17T15:00:58","slug":"liste-des-pretres","status":"publish","type":"page","link":"https:\/\/ndl95.fr\/fr_fr\/liste-des-pretres","title":{"rendered":"Liste des pr\u00eatres"},"content":{"rendered":"<table>\n<tbody>\n<tr>\n<th>Cur\u00e9s<\/th>\n<th align=\"center\">Autres pr\u00eatres<\/th>\n<\/tr>\n<tr>\n<td>Mayet (1916-1921)<\/td>\n<td align=\"center\">\u00a0Alphonse Crozat (1920-1921)<\/td>\n<\/tr>\n<tr>\n<td>Bouet (1921-1925)<\/td>\n<td align=\"center\">Duthoit (1921-1922), Bonnaud (1922-1924)<\/td>\n<\/tr>\n<tr>\n<td>Saingier (1925-1931)<\/td>\n<td align=\"center\">Somme (1924-1927), Bech (1927-1930)<\/td>\n<\/tr>\n<tr>\n<td>Blaizot (1931-1946)<\/td>\n<td align=\"center\">Le Lidec (1930-1934), Duthoit (1931-1943), Louis (1933-1941), Luminais (1935-1936), Fretin (1937-1938), Potiron (1938-1947), Guillonnet (1941-1950), Louchet (1942-1948)<\/td>\n<\/tr>\n<tr>\n<td>Mechinaud (1946-1956)<\/td>\n<td align=\"center\">Clement (1945-1946), Feillet (1947-1948), Amesland (1948-1952), Morice (1948-1954)<\/td>\n<\/tr>\n<tr>\n<td>Poiron (1956-1959)<\/td>\n<td align=\"center\">Thouard (1949-1957), Chenesseau (1953-1960), M. Venard (1955-1965), Laporte (1956-1961)<\/td>\n<\/tr>\n<tr>\n<td>A. Venard (1959-1966)<\/td>\n<td align=\"center\">Verdier (1958-1965), Mantz (1958-1966), Morhan (1961-1966), Simon (1962-1969)<\/td>\n<\/tr>\n<tr>\n<td>J. Gu\u00e9rin (1966-1977)<\/td>\n<td align=\"center\">Brault (1964-1965), Jamin (1965-1966), Poope (1966-1975), Chenailles (1966-1989)<\/td>\n<\/tr>\n<tr>\n<td>Michel Herbreteau (1977-1989)<\/td>\n<td align=\"center\">Tabary (1966-1975), Parenteau (1967-1977), Baudet (1969-1975), Grelet (Pr\u00eatre ouvrier, 1972-1975), Michel Retailleau (1975-1989), Ollivier (1975-1977), De Mijolla (1975-1977), Dion (1977-1982), Grelet (1982-1985), Brillet (1986-1987)<\/td>\n<\/tr>\n<tr>\n<td>Yves Brillet (1989-1998)<\/td>\n<td align=\"center\">Pierre Thomas (1975-2000), Ren\u00e9 Seince (1989-2003)<\/td>\n<\/tr>\n<tr>\n<td>Ren\u00e9 Rey (1998-2008)<\/td>\n<td align=\"center\">Tonqu\u00e9dec (2002-&#8230;.), Andr\u00e9 Rebr\u00e9 (2003-&#8230;.)<\/td>\n<\/tr>\n<tr>\n<td>Jean-Michel Rapaud (2008-2012)<\/td>\n<td align=\"center\"><\/td>\n<\/tr>\n<tr>\n<td>L\u00e9on Debruyne (2012-2018)<\/td>\n<td align=\"center\">Charles Roboam (2012-2015), Michel Cantin (2012-2018)<\/td>\n<\/tr>\n<tr>\n<td>Dominique Pissot (2018-)<\/td>\n<td align=\"center\">Damien Tovi\u00e9zon (2018-)<\/td>\n<\/tr>\n<\/tbody>\n<\/table>\n","protected":false},"excerpt":{"rendered":"<p>Cur\u00e9s Autres pr\u00eatres Mayet (1916-1921) \u00a0Alphonse Crozat (1920-1921) Bouet (1921-1925) Duthoit (1921-1922), Bonnaud (1922-1924) Saingier (1925-1931) Somme (1924-1927), Bech (1927-1930) Blaizot (1931-1946) Le Lidec (1930-1934), Duthoit (1931-1943), Louis (1933-1941), Luminais (1935-1936), Fretin (1937-1938), Potiron (1938-1947), Guillonnet (1941-1950), Louchet (1942-1948) Mechinaud (1946-1956) Clement (1945-1946), Feillet (1947-1948), Amesland (1948-1952), Morice (1948-1954) Poiron [&hellip;]<\/p>\n","protected":false},"author":2,"featured_media":0,"parent":0,"menu_order":0,"comment_status":"closed","ping_status":"closed","template":"","meta":{"jetpack_post_was_ever_published":false,"footnotes":""},"class_list":["post-474","page","type-page","status-publish","hentry"],"wppr_data":{"cwp_meta_box_check":"No"},"jetpack_sharing_enabled":true,"jetpack_shortlink":"https:\/\/wp.me\/PaXxqy-7E","_links":{"self":[{"href":"https:\/\/ndl95.fr\/fr_fr\/wp-json\/wp\/v2\/pages\/474","targetHints":{"allow":["GET"]}}],"collection":[{"href":"https:\/\/ndl95.fr\/fr_fr\/wp-json\/wp\/v2\/pages"}],"about":[{"href":"https:\/\/ndl95.fr\/fr_fr\/wp-json\/wp\/v2\/types\/page"}],"author":[{"embeddable":true,"href":"https:\/\/ndl95.fr\/fr_fr\/wp-json\/wp\/v2\/users\/2"}],"replies":[{"embeddable":true,"href":"https:\/\/ndl95.fr\/fr_fr\/wp-json\/wp\/v2\/comments?post=474"}],"version-history":[{"count":23,"href":"https:\/\/ndl95.fr\/fr_fr\/wp-json\/wp\/v2\/pages\/474\/revisions"}],"predecessor-version":[{"id":992,"href":"https:\/\/ndl95.fr\/fr_fr\/wp-json\/wp\/v2\/pages\/474\/revisions\/992"}],"wp:attachment":[{"href":"https:\/\/ndl95.fr\/fr_fr\/wp-json\/wp\/v2\/media?parent=474"}],"curies":[{"name":"wp","href":"https:\/\/api.w.org\/{rel}","templated":true}]}}