{"id":469,"date":"2018-11-12T13:38:35","date_gmt":"2018-11-12T13:38:35","guid":{"rendered":"https:\/\/paroisse-notredamedelourdes-argenteuil.fr\/?page_id=469"},"modified":"2024-09-09T16:44:48","modified_gmt":"2024-09-09T15:44:48","slug":"albums","status":"publish","type":"page","link":"https:\/\/ndl95.fr\/fr_fr\/albums","title":{"rendered":"Albums photo"},"content":{"rendered":"<h1 align=\"center\">Albums photo<\/h1>\n<p><span style=\"font-size: 18pt;\">Ici seront regroup\u00e9es les photos prises pendant les messes festives, \u00e9v\u00e9nements majeurs, etc.<br \/>\n<\/span><\/p>\n<p><a target=\"_blank\" id=\"LPUrlAnchor297694\" href=\"https:\/\/myalbum.com\/album\/sgt4rz8GorFA\" rel=\"noopener\">20 ans de sacerdoce du P\u00e8re Euloge \u00e0 Notre-Dame de Lourdes, le 8 septembre 2024<\/a><\/p>\n<p><a href=\"https:\/\/myalbum.com\/album\/YHKPCvPKHLPX\/?invite=3a47a904-2b15-4b6e-9136-bde9aa466e02\">100 ans, Marie-Ange, un si\u00e8cle d\u00e9j\u00e0 !<\/a><\/p>\n<p><a href=\"https:\/\/myalbum.com\/album\/95MUQ92aR8vn\">Partage de la galette \u00e0 NDL<\/a><\/p>\n<p><a href=\"https:\/\/myalbum.com\/album\/rUyMwghpnWAQ\/?invite=c953292b-26d0-466a-aa0f-cdbc3301f424\">Messe et c\u00e9l\u00e9bration des confirmations des jeunes de lyc\u00e9ens, le 12 novembre 2023<\/a><\/p>\n<p><a href=\"https:\/\/myalbum.com\/album\/Tu4Xyfur86QZ\/?invite=84657b81-e759-48c9-9906-8fe5511585ff\">F\u00eates des g\u00e9n\u00e9rations et d\u00e9part du P\u00e8re Carly<\/a><\/p>\n<p><a href=\"https:\/\/myalbum.com\/album\/PbkB3KmMrSxW\/?invite=fb50fd9b-a9e7-4b06-9f15-073529a39c85\">Veill\u00e9e Pascale \u00e0 Notre-Dame de Lourdes, le 8 avril 2023<\/a><\/p>\n<p><a href=\"https:\/\/myalbum.com\/album\/4oXZMCTpYVdH\/?invite=a5be6855-cae0-4101-9c82-ca28a3050f5e\">Dimanche des Rameaux et Jeudi Saint, les 2 et 6 avril 2023<\/a><\/p>\n<p><a href=\"https:\/\/myalbum.com\/album\/VfsQVRj7vNf6\/?invite=cbd265b4-1193-4607-92c1-f11b499ec62e\" target=\"_blank\" rel=\"noopener\">Dimanche festif et de la sant\u00e9 \u00e0 Notre Dame de Lourdes, le 12 f\u00e9vrier 2023<\/a><\/p>\n<p><a href=\"https:\/\/myalbum.com\/album\/6JViB9oh7yuCQ2\/\">Dimanche festif \u00e0 Notre-Dame de Lourdes, le 13 novembre 2022<\/a><\/p>\n<p><a href=\"https:\/\/myalbum.com\/album\/TcAgQTXPHK5s\">Messe de d\u00e9part du P\u00e8re Joseph, le 4 septembre 2022<\/a><\/p>\n<p><a href=\"https:\/\/myalbum.com\/album\/3i2sEUZzc46N\">F\u00eate du 15 ao\u00fbt 2022 \u00e0 Notre-Dame de Lourdes<\/a><\/p>\n<p><a href=\"https:\/\/myalbum.com\/album\/vhTfLw7zaAQS\">Messe d&rsquo;action de gr\u00e2ce du centenaire, le 3 juillet 2022<\/a><\/p>\n<p><strong><a href=\"https:\/\/myalbum.com\/album\/WDKgYak2PZY7\">Lancement du centenaire de la paroisse de Notre-Dame de Lourdes, le 26 juin 2022<\/a><\/strong><\/p>\n","protected":false},"excerpt":{"rendered":"<p>Albums photo Ici seront regroup\u00e9es les photos prises pendant les messes festives, \u00e9v\u00e9nements majeurs, etc. 20 ans de sacerdoce du P\u00e8re Euloge \u00e0 Notre-Dame de Lourdes, le 8 septembre 2024 100 ans, Marie-Ange, un si\u00e8cle d\u00e9j\u00e0 ! Partage de la galette \u00e0 NDL Messe et c\u00e9l\u00e9bration des confirmations des jeunes [&hellip;]<\/p>\n","protected":false},"author":2,"featured_media":0,"parent":0,"menu_order":0,"comment_status":"closed","ping_status":"closed","template":"","meta":{"jetpack_post_was_ever_published":false,"footnotes":""},"class_list":["post-469","page","type-page","status-publish","hentry"],"wppr_data":{"cwp_meta_box_check":"No"},"jetpack_sharing_enabled":true,"jetpack_shortlink":"https:\/\/wp.me\/PaXxqy-7z","_links":{"self":[{"href":"https:\/\/ndl95.fr\/fr_fr\/wp-json\/wp\/v2\/pages\/469","targetHints":{"allow":["GET"]}}],"collection":[{"href":"https:\/\/ndl95.fr\/fr_fr\/wp-json\/wp\/v2\/pages"}],"about":[{"href":"https:\/\/ndl95.fr\/fr_fr\/wp-json\/wp\/v2\/types\/page"}],"author":[{"embeddable":true,"href":"https:\/\/ndl95.fr\/fr_fr\/wp-json\/wp\/v2\/users\/2"}],"replies":[{"embeddable":true,"href":"https:\/\/ndl95.fr\/fr_fr\/wp-json\/wp\/v2\/comments?post=469"}],"version-history":[{"count":65,"href":"https:\/\/ndl95.fr\/fr_fr\/wp-json\/wp\/v2\/pages\/469\/revisions"}],"predecessor-version":[{"id":3396,"href":"https:\/\/ndl95.fr\/fr_fr\/wp-json\/wp\/v2\/pages\/469\/revisions\/3396"}],"wp:attachment":[{"href":"https:\/\/ndl95.fr\/fr_fr\/wp-json\/wp\/v2\/media?parent=469"}],"curies":[{"name":"wp","href":"https:\/\/api.w.org\/{rel}","templated":true}]}}