{"id":459,"date":"2018-11-12T09:54:10","date_gmt":"2018-11-12T09:54:10","guid":{"rendered":"https:\/\/paroisse-notredamedelourdes-argenteuil.fr\/?page_id=459"},"modified":"2021-12-04T21:36:15","modified_gmt":"2021-12-04T20:36:15","slug":"services","status":"publish","type":"page","link":"https:\/\/ndl95.fr\/fr_fr\/services","title":{"rendered":"Services"},"content":{"rendered":"<h1 align=\"center\">Services<\/h1>\n<div align=\"justify\">\n<h3 align=\"center\">Animation liturgique<\/h3>\n<h3 align=\"center\">Entretien des \u00e9glises<\/h3>\n<h3 align=\"center\">Aide \u00e0 la personne<\/h3>\n<p><a href=\"https:\/\/ndl95.fr\/service-evangelique-des-malades\"><br \/>\n<strong><\/strong><\/a><\/p>\n<h3 align=\"center\">Service \u00e9vang\u00e9lique des malades<\/h3>\n<div align=\"center\"><img loading=\"lazy\" decoding=\"async\" src=\"https:\/\/ndl95.fr\/wp-content\/uploads\/2018\/11\/serviceevangeliquemalades.png\" alt=\"\" class=\"alignnone size-full wp-image-724\" width=\"150\" height=\"150\" srcset=\"https:\/\/ndl95.fr\/wp-content\/uploads\/2018\/11\/serviceevangeliquemalades.png 150w, https:\/\/ndl95.fr\/wp-content\/uploads\/2018\/11\/serviceevangeliquemalades-50x50.png 50w\" sizes=\"auto, (max-width: 150px) 100vw, 150px\" \/><\/div>\n<p><a href=\"https:\/\/ndl95.fr\/diaconia\"><br \/>\n<strong><\/strong><\/a><\/p>\n<h3 align=\"center\">DIACONIA<\/h3>\n<div align=\"center\"><img loading=\"lazy\" decoding=\"async\" src=\"https:\/\/actalliance.org\/wp-content\/uploads\/2015\/08\/Logo-Diaconia-small.jpg\" class=\"aligncenter\" width=\"149\" height=\"181\" \/><\/div>\n<p>&nbsp;<\/p>\n<p>Jour apr\u00e8s jour, de nombreux b\u00e9n\u00e9voles sont l\u00e0 pour aider la Paroisse.<br \/>\nVous souhaitez \u00e9galement nous venir en aide ? Vous \u00eates le\/la bienvenu\/e ! Il vous suffit de remplir ce questionnaire et de le remettre au pr\u00eatre \u00e0 la fin de la messe, ou directement pendant les temps d&rsquo;accueil \u00e0 Notre Dame de Lourdes (mercredi de 16h30 \u00e0 18h30 et samedi de 10h \u00e0 12h).<br \/>\n<a href=\"https:\/\/ndl95.fr\/wp-content\/uploads\/2018\/11\/Questionnaire-paroissial-Novembre-2018-3.pdf\">T\u00e9l\u00e9charger le questionnaire<\/a><\/p>\n<\/div>\n","protected":false},"excerpt":{"rendered":"<p>Services Animation liturgique Entretien des \u00e9glises Aide \u00e0 la personne Service \u00e9vang\u00e9lique des malades DIACONIA &nbsp; Jour apr\u00e8s jour, de nombreux b\u00e9n\u00e9voles sont l\u00e0 pour aider la Paroisse. Vous souhaitez \u00e9galement nous venir en aide ? Vous \u00eates le\/la bienvenu\/e ! Il vous suffit de remplir ce questionnaire et de [&hellip;]<\/p>\n","protected":false},"author":2,"featured_media":0,"parent":0,"menu_order":0,"comment_status":"closed","ping_status":"closed","template":"","meta":{"jetpack_post_was_ever_published":false,"footnotes":""},"class_list":["post-459","page","type-page","status-publish","hentry"],"wppr_data":{"cwp_meta_box_check":"No"},"jetpack_sharing_enabled":true,"jetpack_shortlink":"https:\/\/wp.me\/PaXxqy-7p","_links":{"self":[{"href":"https:\/\/ndl95.fr\/fr_fr\/wp-json\/wp\/v2\/pages\/459","targetHints":{"allow":["GET"]}}],"collection":[{"href":"https:\/\/ndl95.fr\/fr_fr\/wp-json\/wp\/v2\/pages"}],"about":[{"href":"https:\/\/ndl95.fr\/fr_fr\/wp-json\/wp\/v2\/types\/page"}],"author":[{"embeddable":true,"href":"https:\/\/ndl95.fr\/fr_fr\/wp-json\/wp\/v2\/users\/2"}],"replies":[{"embeddable":true,"href":"https:\/\/ndl95.fr\/fr_fr\/wp-json\/wp\/v2\/comments?post=459"}],"version-history":[{"count":17,"href":"https:\/\/ndl95.fr\/fr_fr\/wp-json\/wp\/v2\/pages\/459\/revisions"}],"predecessor-version":[{"id":965,"href":"https:\/\/ndl95.fr\/fr_fr\/wp-json\/wp\/v2\/pages\/459\/revisions\/965"}],"wp:attachment":[{"href":"https:\/\/ndl95.fr\/fr_fr\/wp-json\/wp\/v2\/media?parent=459"}],"curies":[{"name":"wp","href":"https:\/\/api.w.org\/{rel}","templated":true}]}}