{"id":404,"date":"2018-11-06T12:36:26","date_gmt":"2018-11-06T12:36:26","guid":{"rendered":"https:\/\/paroisse-notredamedelourdes-argenteuil.fr\/?page_id=404"},"modified":"2021-12-04T21:36:15","modified_gmt":"2021-12-04T20:36:15","slug":"historique","status":"publish","type":"page","link":"https:\/\/ndl95.fr\/fr_fr\/historique","title":{"rendered":"Historique"},"content":{"rendered":"<h1 align=\"center\">Historique de la Paroisse<\/h1>\n<p><a href=\"https:\/\/ndl95.fr\/liste-des-pretres\">Liste des pr\u00eatres de la Paroisse<\/a><\/p>\n<h3 align=\"center\">Construction de Notre Dame de Lourdes<\/h3>\n<div align=\"justify\">\n<p>L&rsquo;\u00e9glise Notre Dame de Lourdes d&rsquo;Argenteuil a \u00e9t\u00e9 <strong>cr\u00e9\u00e9e en 1908 par M. le Doyen Jacquemot<\/strong>, pour servir de chapelle de secours de la Basilique, et desservir un quartier relativement proche du Vieil-Argenteuil (il n&rsquo;y que 1 100 m\u00e8tres entre Notre Dame de Lourdes et la Basilique), mais alors le seul de la paroisse actuelle o\u00f9 la population fut dense ; le quartier des Champioux proprement dit n&rsquo;\u00e9tait qu&rsquo;un bois, et celui du Val Notre Dame un lieu-dit ne comprenant que quelques maisons sur les limites de Sartrouville et de Bezons.<\/p>\n<p><strong>Le 18 novembre 1920, la chapelle de secours devint la paroisse Notre Dame de Lourdes.<\/strong> L&rsquo;accroissement de la population s&rsquo;est fait un peu aux environs de l&rsquo;\u00e9glise, c&rsquo;est \u00e0 dire \u00e0 l&rsquo;extr\u00e9mit\u00e9 Est et Sud-Est de la Paroisse : cr\u00e9ation de la Cit\u00e9 des Jardins du Marais \u00e0 partir de 1927, de la Cit\u00e9 du Perreux en 1933, percement de l&rsquo;avenue de Paris en 1930.<\/p>\n<p>Mais l&rsquo;accroissement a \u00e9t\u00e9 bien plus notable au Sud : <strong>cr\u00e9ation de la Cit\u00e9 Ouvri\u00e8re des grandes usines Lorraine-Dietrich<\/strong>, au temps de leur prosp\u00e9rit\u00e9, avant et juste apr\u00e8s la guerre, et surtout \u00e0 l&rsquo;Ouest, c&rsquo;est \u00e0 dire tr\u00e8s loin de l&rsquo;\u00e9glise : lotissement ou plut\u00f4t d\u00e9pe\u00e7age et vente \u00e0 vil prix, de l&rsquo;ancien Bois des Champioux ; travers\u00e9 d\u00e9sormais par les rues aux noms prol\u00e9tariens : rues de la Justice, de l&rsquo;\u00c9quit\u00e9, de l&rsquo;Union, des Coquelicots, des \u00c9glantines, du Gibet, du Pardon (dans ce quartier d&rsquo;aspect pauvre et de r\u00e9putation communiste, la nuance rouge domine). A l&rsquo;Ouest encore, c&rsquo;est le vaste plateau du Perreux couvert de masures plus avenantes mais gu\u00e8re plus riches, avec ses rues aux noms pittoresques : rues des Courlis, des Alouettes, du Prunet, des Lilas, des Ch\u00e8vrefeuilles, de la Marjolaine.<\/p>\n<p>En 1931, la ville d&rsquo;Argenteuil ouvrait, au centre de l&rsquo;ancien bois des Champioux, \u00e0 c\u00f4t\u00e9 de l&rsquo;orphelinat des Employ\u00e9s de Banque et de Bourse, sur les terrains Abadie, les vastes et \u00e9l\u00e9gantes constructions du groupe scolaire Jean Jaur\u00e8s, ainsi qu&rsquo;un bureau de poste auxiliaire et un \u00e9tablissement de bains-douches; les commer\u00e7ants arrivaient en foule, eux aussi : le quartier du Val \u00e9tait cr\u00e9\u00e9, dot\u00e9 de toutes les commodit\u00e9s modernes, de plusieurs lignes d&rsquo;autobus, il restait compl\u00e8tement abandonn\u00e9 au point de vue religieux, puisque tout l&rsquo;effort du clerg\u00e9 paroissial \u00e0 ce moment portait sur l&rsquo;agrandissement de la lointaine chapelle, absolument insuffisante, m\u00eame pour la population des alentours imm\u00e9diats.<\/p>\n<\/div>\n<h3>Construction de Saint-Jean<\/h3>\n<div align=\"justify\">\n<p>La construction de l&rsquo;\u00e9glise de Saint Jean est li\u00e9e \u00e0 la cit\u00e9 CASTOR des Champioux. (Rue d&rsquo;Ascq et Poirier Fourier)<br \/>\n<strong>En 1950\/51, Le P\u00e8re J. M\u00e9chinaud (Fils de la Charit\u00e9) avait achet\u00e9 3 500 m\u00b2 pour construire une chapelle<\/strong>. Il a facilit\u00e9 l&rsquo;achat des autres m\u00b2 n\u00e9cessaires aux 46 logements et espaces verts que voulait construite la soci\u00e9t\u00e9 des Castors. Tous ces terrains \u00e9taient des jardins ouvriers.<\/p>\n<p>Le p\u00e8re M\u00e9chinaud savait la d\u00e9tresse morale et mat\u00e9rielle des jeunes foyers sans logement convenable, apr\u00e8s la guerre. Il a donc c\u00e9d\u00e9 ses 3 500 m\u00b2 de terrains \u00e0 petit prix.<br \/>\nEn contre-partie, en lui redonnant 1 000m\u00b2 pour l&#8217;emplacement de St Jean, les Castors se sont engag\u00e9s \u00e0 faire les parpaings pour fabriquer la chapelle. Quelques castors ont aussi particip\u00e9 \u00e0 ses travaux. Tous \u00e9taient pr\u00e9sents \u00e0 l&rsquo;inauguration. Choix pastoral de voir une \u00e9glise \u00e9clat\u00e9e et non pas renferm\u00e9e sur elle-m\u00eame.<\/p>\n<\/div>\n<p>\u00c0 partir de 1955, l&#8217;emm\u00e9nagement a lieu, nous sommes les premiers immeubles puis viennent :<\/p>\n<ol>\n<li>De 1956 \u00e0 1960 :\n<ul>\n<li>La cit\u00e9 Emma\u00fcs au 196 rue du Perreux lanc\u00e9e par l&rsquo;Abb\u00e9 Pierre qui vint poser la premi\u00e8re pierre<\/li>\n<li>La cit\u00e9 des Roses, en face<\/li>\n<li>La cit\u00e9 du Renouveau par Emma\u00fcs, l&rsquo;Abb\u00e9 Pierre<\/li>\n<li>L&rsquo;O.C.I.L du 42 \u00e0 54 rue du Poirier Fourier et Louis Lh\u00e9raut<\/li>\n<\/ul>\n<\/li>\n<li>De 1970 \u00e0 1975 :\n<ul>\n<li>Les cit\u00e9s-jardins d&rsquo;Argenteuil<\/li>\n<li>Argenteuil 2000<\/li>\n<li>Florence<\/li>\n<li>Square Jean de la Fontaine<\/li>\n<li>ZUP Sud<\/li>\n<\/ul>\n<\/li>\n<\/ol>\n<h3>Histoire des mouvements chr\u00e9tiens<\/h3>\n<ul>\n<li>1901 : Argenteuil compte 16 000 habitants.<\/li>\n<li>15 novembre 1908 : Cr\u00e9ation de la chapelle de secours de la Basilique \u00ab\u00a0Notre Dame des Champioux\u00a0\u00bb.<\/li>\n<li>1921 : Argenteuil compte 32 176 habitants. La chapelle de secours devient la paroisse Notre Dame de Lourdes, avec les Fils de la Charit\u00e9, et une population de 8 000 habitants.<\/li>\n<li>1926 : Argenteuil compte 44 118 habitants.<\/li>\n<li>1927 : Premi\u00e8re section JOC (Jeunesse ouvri\u00e8re catholique) aux Champioux. Peu \u00e0 peu les travailleurs prennent conscience de former une classe sociale en dehors de l&rsquo;\u00c9glise. Quelques pr\u00eatres, dont le P\u00e8re Anizan, y sont sensibes.<br \/>\nLa JOC a bouscul\u00e9 le style de t\u00e9moignage des chr\u00e9tiens en \u00e9tant partie int\u00e9grante des ouvriers.<br \/>\nLes Fils de la Charit\u00e9 dont le souci est d&rsquo;\u00eatre parmi les plus d\u00e9munis, les plus ignorants de l&rsquo;\u00c9glise, ont \u00e9t\u00e9 heureux de soutenir et de faire \u00e9quipe avec des chr\u00e9tiens qui par leur milieu social combattaient avec leurs copains, pour pour la dignit\u00e9 et la reconnaissance de leurs droits.<\/li>\n<li>1929 : Scouts de France.<\/li>\n<li>1931 : La ville compte plus de 81 000 habitants. Avec l&rsquo;essor industriel automobile et a\u00e9ronautique, dans la classe ouvri\u00e8re, c&rsquo;est la crise, le ch\u00f4mage, la mis\u00e8re.<\/li>\n<li>1935 : Cr\u00e9ation de la LOC (Ligue ouvri\u00e8re chr\u00e9tienne), cr\u00e9ation de la chapelle Sainte Bernadette, conf\u00e9rence de Saint Vincent de Paul.<\/li>\n<li>1936 : Cr\u00e9ation de la premi\u00e8re \u00e9quipe f\u00e9minine JOCF.<\/li>\n<li>1937 : Dixi\u00e8me anniversaire de la JOC, au Parc des Princes, dans l&rsquo;enthousiasme.<\/li>\n<li>1938 : Cr\u00e9ation des Guides de France : Premi\u00e8re Compagnie d&rsquo;Argenteuil, Sainte Claire.<\/li>\n<li>1939 : L&rsquo;\u00e9quipe JOC est d\u00e9mantel\u00e9e par la mobilisation des copains.<\/li>\n<li>1941 : \u00c9volution des \u00ab\u00a0Enfants de Marie\u00a0\u00bb o\u00f9 se retrouvaient des responsables JECF-JOCF, Guides de France.<\/li>\n<li>1942-1944 : Solidarit\u00e9 avec les sinistr\u00e9s des bombardements. Accueil des prisonniers et d\u00e9port\u00e9s, \u00e0 la gare de l&rsquo;Est, et aux centres de Paris par la JOCF et les guides. Red\u00e9marrage d&rsquo;une \u00e9quipe JOC, trois gars au d\u00e9part.<\/li>\n<li>1943 : Myst\u00e8re Marial donn\u00e9 sur le parvis de Notre Dame de Lourdes.<\/li>\n<li>1944 : Bulletin de liaison envoy\u00e9 aux soldats de la paroisse : \u00ab\u00a0CORDEE\u00a0\u00bb.<\/li>\n<li>1945 : La LOC devient le Mouvement Populaire Familial.<\/li>\n<li>1948 : La \u00ab\u00a0Passion de Sagan\u00a0\u00bb, pi\u00e8ce \u00e9crite dans un stalag par un prisonnier de la paroisse. Cette pi\u00e8ce est jou\u00e9e par J. Joukoff, Gis\u00e8le Alezard, Etienne Cavellier, Emile Hannequin.<\/li>\n<li>1949 : Retrouvailles des anciens de la JOC et JOCF.<\/li>\n<li>1950 : Agrandissement par le p\u00e8re M\u00e9chinaud de la paroisse Notre Dame de Lourdes telle qu&rsquo;elle est aujourd&rsquo;hui. Notre quartier compte 20 000 ouvriers sur le coin le plus pauvre mais le plus sympathique d&rsquo;Argenteuil : les Champioux.<br \/>\nJ. M\u00e9chinaud, harcel\u00e9 de demandes de logement, sacrifie une partie de la sacristie et loge deux foyers dans les salles de r\u00e9union. Il fait un plan de six petits logements, tr\u00e8s vite mont\u00e9s (salles actuelles de r\u00e9union et d&rsquo;accueil, au fond de la cour de Notre Dame de Lourdes.<\/li>\n<li>1951 : Projet de construction d&rsquo;une chapelle rue d&rsquo;Ascq. J. M\u00e9chinaud r\u00e9unit quelques jeunes foyers de la paroisse qui, ensemble, mettent au point un projet de construction de 46 logements en syst\u00e8me Castor. Il y a \u00e9change de terrains et les Castors s&rsquo;engagent \u00e0 faire les \u00ab\u00a0parpaings\u00a0\u00bb pour la construction de la Chapelle Saint Jean.<\/li>\n<li>1951 : Lancement de l&rsquo;<a href=\"https:\/\/ndl95.fr\/aco\">ACO<\/a> sur Argenteuil \u00e0 la Basilique, avec des foyers chr\u00e9tiens de Notre Dame de Lourdes.<\/li>\n<li>1952 : Premi\u00e8re \u00e9quipe d&rsquo;ACO sur Notre Dame de Lourdes.<br \/>\nLes militants d&rsquo;ACO, par leur implantation dans l&rsquo;action, leur participation aux organisations ouvri\u00e8res, ont eu la chance de trouver aupr\u00e8s des Fils de la Charit\u00e9 le ressourcement spirituel, le soutien, l&rsquo;encouragement et surtout l&rsquo;exigence.<\/li>\n<li>1955 : Inauguration de la Chapelle Saint Jean. Le sup\u00e9rieur des fils, le p\u00e8re Goison et le repr\u00e9sentant de l&rsquo;\u00e9v\u00eaque de Versailles, c\u00e9l\u00e8brent la Messe, entour\u00e9s des Castors, qui emm\u00e9nagent la m\u00eame ann\u00e9e.<\/li>\n<li>1956 : Cr\u00e9ation d&rsquo;une deuxi\u00e8me \u00e9quipe ACO \u00e0 Notre Dame de Lourdes.<\/li>\n<li>1957 : D\u00e9l\u00e9gation JOCF \u00e0 Rome.<\/li>\n<li>1959 : Cr\u00e9ation des \u00e9quipes ACGF-ACGH (Action Catholique G\u00e9n\u00e9rale des Femmes\/Hommes) sur Notre Dame de Lourdes &#8211; Saint Jean &#8211; Sainte Bernadette, \u00e0 Saint Jean avec le P\u00e8re Mautz, puis le P\u00e8re Chenailles. Au d\u00e9but, ces r\u00e9unions ont permis une relation entre les diff\u00e9rents quartiers, tous nouveaux.<\/li>\n<li>1965-1970 : L&rsquo;ACGF lance les Heures d&rsquo;Amiti\u00e9, avec des non-croyantes. Volont\u00e9 missionnaire de faire connaitre J\u00e9sus Christ \u00e0 toutes. Mise en place de r\u00e9unions du soir, pour les femmes au travail.<\/li>\n<li>1975 : Ann\u00e9e de la femme. L&rsquo;ACGF r\u00e9unit toutes les associations f\u00e9minines d&rsquo;Argenteuil (Union des Femmes Fran\u00e7aises, femmes protestantes et du secours populaires).<\/li>\n<li>1960-1975 : C\u0153urs Vaillants, \u00c2mes Vaillantes se sont transform\u00e9s en ACE (Action Catholique des Enfants), modification de la formation cat\u00e9chiste.<\/li>\n<\/ul>\n","protected":false},"excerpt":{"rendered":"<p>Historique de la Paroisse Liste des pr\u00eatres de la Paroisse Construction de Notre Dame de Lourdes L&rsquo;\u00e9glise Notre Dame de Lourdes d&rsquo;Argenteuil a \u00e9t\u00e9 cr\u00e9\u00e9e en 1908 par M. le Doyen Jacquemot, pour servir de chapelle de secours de la Basilique, et desservir un quartier relativement proche du Vieil-Argenteuil (il [&hellip;]<\/p>\n","protected":false},"author":2,"featured_media":32,"parent":0,"menu_order":0,"comment_status":"closed","ping_status":"closed","template":"","meta":{"jetpack_post_was_ever_published":false,"footnotes":""},"class_list":["post-404","page","type-page","status-publish","has-post-thumbnail","hentry"],"wppr_data":{"cwp_meta_box_check":"No"},"jetpack_sharing_enabled":true,"jetpack_shortlink":"https:\/\/wp.me\/PaXxqy-6w","_links":{"self":[{"href":"https:\/\/ndl95.fr\/fr_fr\/wp-json\/wp\/v2\/pages\/404","targetHints":{"allow":["GET"]}}],"collection":[{"href":"https:\/\/ndl95.fr\/fr_fr\/wp-json\/wp\/v2\/pages"}],"about":[{"href":"https:\/\/ndl95.fr\/fr_fr\/wp-json\/wp\/v2\/types\/page"}],"author":[{"embeddable":true,"href":"https:\/\/ndl95.fr\/fr_fr\/wp-json\/wp\/v2\/users\/2"}],"replies":[{"embeddable":true,"href":"https:\/\/ndl95.fr\/fr_fr\/wp-json\/wp\/v2\/comments?post=404"}],"version-history":[{"count":23,"href":"https:\/\/ndl95.fr\/fr_fr\/wp-json\/wp\/v2\/pages\/404\/revisions"}],"predecessor-version":[{"id":975,"href":"https:\/\/ndl95.fr\/fr_fr\/wp-json\/wp\/v2\/pages\/404\/revisions\/975"}],"wp:featuredmedia":[{"embeddable":true,"href":"https:\/\/ndl95.fr\/fr_fr\/wp-json\/wp\/v2\/media\/32"}],"wp:attachment":[{"href":"https:\/\/ndl95.fr\/fr_fr\/wp-json\/wp\/v2\/media?parent=404"}],"curies":[{"name":"wp","href":"https:\/\/api.w.org\/{rel}","templated":true}]}}