{"id":394,"date":"2018-11-05T15:33:33","date_gmt":"2018-11-05T15:33:33","guid":{"rendered":"https:\/\/paroisse-notredamedelourdes-argenteuil.fr\/?page_id=394"},"modified":"2018-11-20T13:20:13","modified_gmt":"2018-11-20T13:20:13","slug":"diaconia","status":"publish","type":"page","link":"https:\/\/ndl95.fr\/fr_fr\/diaconia","title":{"rendered":"Diaconia"},"content":{"rendered":"<p><strong><\/p>\n<h1 align=\"center\">Diaconia<\/h1>\n<p><\/strong><\/p>\n<div align=\"justify\">\n<p><strong>Diaconia, c&rsquo;est principalement le service du prochain.<\/strong><br \/>\nTout chr\u00e9tien est appel\u00e9 \u00e0 la saintet\u00e9 ; celle-ci commence par s&rsquo;int\u00e9resser aux autres : aller \u00e0 la rencontre des pauvres, de ceux qui souffrent de la solitude ou de la maladie, essayer d&rsquo;\u00eatre le signe de la pr\u00e9sence de Dieu parmi les hommes.<\/p>\n<p>Diaconia nous incite \u00e0 nous impliquer d&rsquo;avantage dans l&rsquo;exercice de la charit\u00e9 avec le go\u00fbt du partage et de la fraternit\u00e9. Nous sommes invit\u00e9s \u00e0 nous occuper, dans la mesure de nos possibilit\u00e9s, des plus d\u00e9munis, d\u00e9sorient\u00e9s, souvent abandonn\u00e9s par les siens, des rejet\u00e9s de notre soci\u00e9t\u00e9, de ceux qui sont dans la d\u00e9tresse et pour qui l&rsquo;esp\u00e9rance para\u00eet impossible.<\/p>\n<p>Diaconia, c&rsquo;est aussi traduire notre foi en acte : prendre des initiatives de solidarit\u00e9 et agir en sorte pour que chaque personne soit respect\u00e9e dans sa dignit\u00e9.<\/p>\n<p>L&rsquo;amour du prochain devrait \u00eatre inconditionnel, en d\u00e9pit de l&rsquo;ingratitude dont nous pouvons faire l&rsquo;objet ; ainsi nous aurons contribu\u00e9 \u00e0 la venue du royaume de Dieu sur Terre.<\/p>\n<p>Nous nous r\u00e9unissons un jeudi par mois au presbyt\u00e8re de Notre Dame de Lourdes \u00e0 20h00 jusqu&rsquo;\u00e0 environ 21h30. Personne ne rentre \u00e0 pied. Tous les paroissiens y sont les bienvenus.<\/p>\n<p>Contactez le P\u00e8re Dominique : 01 39 61 06 70<\/p>\n<p><strong>Panier du Fr\u00e8re<\/strong><\/p>\n<p>Le groupe Diaconia est \u00e0 l&rsquo;origine du Panier du Fr\u00e8re. En solidarit\u00e9 avec ceux qui vivent dans la pr\u00e9carit\u00e9, chaque semaine les paroissiens sont invit\u00e9s \u00e0 d\u00e9poser leur offrande, sous forme de denr\u00e9es alimentaires, au cours de la messe dominicale.<br \/>\nLe panier est ensuite port\u00e9 au centre d&rsquo;accueil et d&rsquo;h\u00e9bergement d&rsquo;urgence d&rsquo;Argenteuil, par un membre de la Paroisse, au nom de tous.\n<\/p><\/div>\n","protected":false},"excerpt":{"rendered":"<p>Diaconia Diaconia, c&rsquo;est principalement le service du prochain. Tout chr\u00e9tien est appel\u00e9 \u00e0 la saintet\u00e9 ; celle-ci commence par s&rsquo;int\u00e9resser aux autres : aller \u00e0 la rencontre des pauvres, de ceux qui souffrent de la solitude ou de la maladie, essayer d&rsquo;\u00eatre le signe de la pr\u00e9sence de Dieu parmi [&hellip;]<\/p>\n","protected":false},"author":2,"featured_media":0,"parent":0,"menu_order":0,"comment_status":"closed","ping_status":"closed","template":"","meta":{"jetpack_post_was_ever_published":false,"footnotes":""},"class_list":["post-394","page","type-page","status-publish","hentry"],"wppr_data":{"cwp_meta_box_check":"No"},"jetpack_sharing_enabled":true,"jetpack_shortlink":"https:\/\/wp.me\/PaXxqy-6m","_links":{"self":[{"href":"https:\/\/ndl95.fr\/fr_fr\/wp-json\/wp\/v2\/pages\/394","targetHints":{"allow":["GET"]}}],"collection":[{"href":"https:\/\/ndl95.fr\/fr_fr\/wp-json\/wp\/v2\/pages"}],"about":[{"href":"https:\/\/ndl95.fr\/fr_fr\/wp-json\/wp\/v2\/types\/page"}],"author":[{"embeddable":true,"href":"https:\/\/ndl95.fr\/fr_fr\/wp-json\/wp\/v2\/users\/2"}],"replies":[{"embeddable":true,"href":"https:\/\/ndl95.fr\/fr_fr\/wp-json\/wp\/v2\/comments?post=394"}],"version-history":[{"count":17,"href":"https:\/\/ndl95.fr\/fr_fr\/wp-json\/wp\/v2\/pages\/394\/revisions"}],"predecessor-version":[{"id":591,"href":"https:\/\/ndl95.fr\/fr_fr\/wp-json\/wp\/v2\/pages\/394\/revisions\/591"}],"wp:attachment":[{"href":"https:\/\/ndl95.fr\/fr_fr\/wp-json\/wp\/v2\/media?parent=394"}],"curies":[{"name":"wp","href":"https:\/\/api.w.org\/{rel}","templated":true}]}}