{"id":349,"date":"2018-09-10T17:02:48","date_gmt":"2018-09-10T17:02:48","guid":{"rendered":"https:\/\/paroisse-notredamedelourdes-argenteuil.fr\/?page_id=349"},"modified":"2019-02-10T14:05:01","modified_gmt":"2019-02-10T13:05:01","slug":"foi-et-lumiere","status":"publish","type":"page","link":"https:\/\/ndl95.fr\/fr_fr\/foi-et-lumiere","title":{"rendered":"Foi et Lumi\u00e8re"},"content":{"rendered":"<h1 align=\"center\">FOI et LUMI\u00c8RE<\/h1>\n<p>&nbsp;<\/p>\n<div align=\"justify\"><span style=\"font-size: 12pt;\">\u00ab\u00a0Foi et Lumi\u00e8re\u00a0\u00bb est un mouvement communautaire International de l\u2019\u00c9glise, fond\u00e9 par Jean Vanier en 1971.<\/span><br \/>\n<span style=\"font-size: 12pt;\"><span style=\"font-size: 12pt;\">L&rsquo;essentiel demeure dans les liens de confiance et d&rsquo;amiti\u00e9 cr\u00e9\u00e9s entre ses membres, des liens fond\u00e9s en J\u00e9sus et s&rsquo;achevant en Lui. <em>(extrait de la Charte de \u00ab\u00a0Foi et Lumi\u00e8re\u00a0\u00bb)<\/em><br \/>\n<span style=\"font-size: 12pt;\">Une communaut\u00e9 rassemble 15 personnes : des personnes atteintes de handicap mental ou polyhandicap\u00e9es, leurs familles (parents, fr\u00e8res, soeurs), un aum\u00f4nier (P\u00e8re Dominique), et des amis de tous \u00e2ges. Elle est enracin\u00e9e dans la paroisse et participe \u00e0 la vie de l&rsquo;\u00c9glise.<\/span><br \/>\n<span style=\"font-size: 12pt;\">Les r\u00e9unions apportent \u00e0 chacun un dynamisme stimulant, au rythme d\u2019une fois par mois. La rencontre se partage entre amiti\u00e9, f\u00eates et pri\u00e8res. De plus, elle vit un temps de fid\u00e9lit\u00e9 et d&rsquo;amiti\u00e9 jusqu&rsquo;\u00e0 la prochaine rencontre (coup de fil, cha\u00eene de pri\u00e8re, sorties, vacances) ! Notre aum\u00f4nier est le P\u00e8re Dominique Pissot.<\/span><br \/>\n<span style=\"font-size: 12pt;\">Elle apporte \u00e0 chaque personne ayant un handicap mental la possibilit\u00e9 d&rsquo;\u00eatre reconnue comme une personne \u00e0 part enti\u00e8re. Elle apporte aux parents un soutien dans leur \u00e9preuve et leur permet de mieux percevoir la beaut\u00e9 de leur enfant. Nombre d&rsquo;entre eux deviennent alors un point d&rsquo;appui et un relais pour d&rsquo;autres parents \u00e9cras\u00e9s par leur souffrance et les difficult\u00e9s quotidiennes. La communaut\u00e9 permet aussi aux parents de se sentir mieux int\u00e9gr\u00e9s dans la Paroisse.<\/span><br \/>\n<span style=\"font-size: 12pt;\">Nos r\u00e9unions se tiennent dans la salle Anizan, 290 avenue Jean Jaur\u00e8s \u00e0 Argenteuil (chapelle Ste Bernadette).<\/span><\/span><\/span><span style=\"font-size: 12pt;\">Si vous connaissez des familles concern\u00e9es ou des personnes d\u00e9sirant nous rejoindre, nous sommes \u00e0 votre disposition afin de vous rencontrer et de r\u00e9pondre \u00e0 vos questions.<\/span><span style=\"font-size: 12pt;\">Contactez-nous :<\/span><\/p>\n<p><span style=\"font-size: 12pt;\">Jeanine Le Corre :<br \/>\n01 39 47 45 50<br \/>\n06 63 22 69 09<\/span><\/p>\n<\/div>\n<p><a href=\"https:\/\/www.foietlumiere.org\/\" target=\"_blank\" rel=\"noopener\">Site officiel de Foi et Lumi\u00e8re<\/a><\/p>\n","protected":false},"excerpt":{"rendered":"<p>FOI et LUMI\u00c8RE &nbsp; \u00ab\u00a0Foi et Lumi\u00e8re\u00a0\u00bb est un mouvement communautaire International de l\u2019\u00c9glise, fond\u00e9 par Jean Vanier en 1971. L&rsquo;essentiel demeure dans les liens de confiance et d&rsquo;amiti\u00e9 cr\u00e9\u00e9s entre ses membres, des liens fond\u00e9s en J\u00e9sus et s&rsquo;achevant en Lui. (extrait de la Charte de \u00ab\u00a0Foi et Lumi\u00e8re\u00a0\u00bb) [&hellip;]<\/p>\n","protected":false},"author":2,"featured_media":0,"parent":0,"menu_order":0,"comment_status":"closed","ping_status":"closed","template":"","meta":{"jetpack_post_was_ever_published":false,"footnotes":""},"class_list":["post-349","page","type-page","status-publish","hentry"],"wppr_data":{"cwp_meta_box_check":"No"},"jetpack_sharing_enabled":true,"jetpack_shortlink":"https:\/\/wp.me\/PaXxqy-5D","_links":{"self":[{"href":"https:\/\/ndl95.fr\/fr_fr\/wp-json\/wp\/v2\/pages\/349","targetHints":{"allow":["GET"]}}],"collection":[{"href":"https:\/\/ndl95.fr\/fr_fr\/wp-json\/wp\/v2\/pages"}],"about":[{"href":"https:\/\/ndl95.fr\/fr_fr\/wp-json\/wp\/v2\/types\/page"}],"author":[{"embeddable":true,"href":"https:\/\/ndl95.fr\/fr_fr\/wp-json\/wp\/v2\/users\/2"}],"replies":[{"embeddable":true,"href":"https:\/\/ndl95.fr\/fr_fr\/wp-json\/wp\/v2\/comments?post=349"}],"version-history":[{"count":11,"href":"https:\/\/ndl95.fr\/fr_fr\/wp-json\/wp\/v2\/pages\/349\/revisions"}],"predecessor-version":[{"id":1078,"href":"https:\/\/ndl95.fr\/fr_fr\/wp-json\/wp\/v2\/pages\/349\/revisions\/1078"}],"wp:attachment":[{"href":"https:\/\/ndl95.fr\/fr_fr\/wp-json\/wp\/v2\/media?parent=349"}],"curies":[{"name":"wp","href":"https:\/\/api.w.org\/{rel}","templated":true}]}}