{"id":2945,"date":"2022-07-05T21:07:23","date_gmt":"2022-07-05T20:07:23","guid":{"rendered":"https:\/\/ndl95.fr\/?page_id=2945"},"modified":"2022-07-05T21:07:23","modified_gmt":"2022-07-05T20:07:23","slug":"centenaire","status":"publish","type":"page","link":"https:\/\/ndl95.fr\/fr_fr\/centenaire","title":{"rendered":"Centenaire"},"content":{"rendered":"<p><a href=\"https:\/\/myalbum.com\/album\/WDKgYak2PZY7\">Photos du centenaire<\/a><\/p>\n<p><a href=\"https:\/\/ndl95.fr\/wp-content\/uploads\/2022\/07\/Lannee-2021-2022.pptx\">L&rsquo;ann\u00e9e 2021-2022 &#8211; T\u00e9l\u00e9charger le fichier PowerPoint<\/a><\/p>\n","protected":false},"excerpt":{"rendered":"<p>Photos du centenaire L&rsquo;ann\u00e9e 2021-2022 &#8211; T\u00e9l\u00e9charger le fichier PowerPoint<\/p>\n","protected":false},"author":2,"featured_media":0,"parent":0,"menu_order":0,"comment_status":"closed","ping_status":"closed","template":"","meta":{"jetpack_post_was_ever_published":false,"footnotes":""},"class_list":["post-2945","page","type-page","status-publish","hentry"],"wppr_data":{"cwp_meta_box_check":"No"},"jetpack_sharing_enabled":true,"jetpack_shortlink":"https:\/\/wp.me\/PaXxqy-Lv","_links":{"self":[{"href":"https:\/\/ndl95.fr\/fr_fr\/wp-json\/wp\/v2\/pages\/2945","targetHints":{"allow":["GET"]}}],"collection":[{"href":"https:\/\/ndl95.fr\/fr_fr\/wp-json\/wp\/v2\/pages"}],"about":[{"href":"https:\/\/ndl95.fr\/fr_fr\/wp-json\/wp\/v2\/types\/page"}],"author":[{"embeddable":true,"href":"https:\/\/ndl95.fr\/fr_fr\/wp-json\/wp\/v2\/users\/2"}],"replies":[{"embeddable":true,"href":"https:\/\/ndl95.fr\/fr_fr\/wp-json\/wp\/v2\/comments?post=2945"}],"version-history":[{"count":1,"href":"https:\/\/ndl95.fr\/fr_fr\/wp-json\/wp\/v2\/pages\/2945\/revisions"}],"predecessor-version":[{"id":2946,"href":"https:\/\/ndl95.fr\/fr_fr\/wp-json\/wp\/v2\/pages\/2945\/revisions\/2946"}],"wp:attachment":[{"href":"https:\/\/ndl95.fr\/fr_fr\/wp-json\/wp\/v2\/media?parent=2945"}],"curies":[{"name":"wp","href":"https:\/\/api.w.org\/{rel}","templated":true}]}}