{"id":290,"date":"2018-06-23T14:47:39","date_gmt":"2018-06-23T14:47:39","guid":{"rendered":"https:\/\/paroisse-notredamedelourdes-argenteuil.fr\/?page_id=290"},"modified":"2020-10-16T14:38:40","modified_gmt":"2020-10-16T13:38:40","slug":"mouvements-et-services","status":"publish","type":"page","link":"https:\/\/ndl95.fr\/fr_fr\/mouvements-et-services","title":{"rendered":"Mouvements et services"},"content":{"rendered":"<h1 align=\"center\">Mouvements et services<\/h1>\n<p><strong>Liste des mouvements et services de la paroisse Notre Dame de Lourdes\u00a0:<\/strong><\/p>\n<ul>\n<li>Cat\u00e9ch\u00e8se Primaire<\/li>\n<li>Aum\u00f4nerie coll\u00e8ge<\/li>\n<li><a href=\"https:\/\/ndl95.fr\/aumonerie-lycee-confirmation\">Aum\u00f4nerie lyc\u00e9e Confirmation<\/a><\/li>\n<li>Cat\u00e9chum\u00e9nat\u00a0: Pr\u00e9paration au Bapt\u00eame et Communion ados<\/li>\n<li>Cat\u00e9chum\u00e9nat\u00a0: Pr\u00e9paration Bapt\u00eame, Communion et Confirmation adultes<\/li>\n<li>\u00c9veil \u00e0 la foi<\/li>\n<li>Liturgie\u00a0: Pr\u00e9paration des messes dominicales<\/li>\n<li>Service de l\u2019\u00c9vangile aux malades<\/li>\n<li>Accueil<\/li>\n<li>Accompagnement des familles en deuil<\/li>\n<li>Foi et Lumi\u00e8re<\/li>\n<li>Pr\u00e9paration au mariage<\/li>\n<li>Diaconia<\/li>\n<li>Servants d\u2019Autel<\/li>\n<li>Groupe chants adultes<\/li>\n<li>Groupe chants jeunes<\/li>\n<li>Groupe Laus<\/li>\n<li>Comptabilit\u00e9<\/li>\n<li>\u00c9quipe Gestion-Finances<\/li>\n<li>Travaux<\/li>\n<li>Service Sacristie \u00e0 NDL et St Jean<\/li>\n<li>\u00c9quipes m\u00e9nage \u00e0 NDL et St Jean<\/li>\n<li>Fraternit\u00e9 Anizan<\/li>\n<li>Action Catholique Ouvri\u00e8re (ACO)<\/li>\n<li>CCFD-Terre solidaire<\/li>\n<li>Site paroissial<\/li>\n<\/ul>\n","protected":false},"excerpt":{"rendered":"<p>Mouvements et services Liste des mouvements et services de la paroisse Notre Dame de Lourdes\u00a0: Cat\u00e9ch\u00e8se Primaire Aum\u00f4nerie coll\u00e8ge Aum\u00f4nerie lyc\u00e9e Confirmation Cat\u00e9chum\u00e9nat\u00a0: Pr\u00e9paration au Bapt\u00eame et Communion ados Cat\u00e9chum\u00e9nat\u00a0: Pr\u00e9paration Bapt\u00eame, Communion et Confirmation adultes \u00c9veil \u00e0 la foi Liturgie\u00a0: Pr\u00e9paration des messes dominicales Service de l\u2019\u00c9vangile aux malades [&hellip;]<\/p>\n","protected":false},"author":2,"featured_media":0,"parent":0,"menu_order":0,"comment_status":"closed","ping_status":"closed","template":"","meta":{"jetpack_post_was_ever_published":false,"footnotes":""},"class_list":["post-290","page","type-page","status-publish","hentry"],"wppr_data":{"cwp_meta_box_check":"No"},"jetpack_sharing_enabled":true,"jetpack_shortlink":"https:\/\/wp.me\/PaXxqy-4G","_links":{"self":[{"href":"https:\/\/ndl95.fr\/fr_fr\/wp-json\/wp\/v2\/pages\/290","targetHints":{"allow":["GET"]}}],"collection":[{"href":"https:\/\/ndl95.fr\/fr_fr\/wp-json\/wp\/v2\/pages"}],"about":[{"href":"https:\/\/ndl95.fr\/fr_fr\/wp-json\/wp\/v2\/types\/page"}],"author":[{"embeddable":true,"href":"https:\/\/ndl95.fr\/fr_fr\/wp-json\/wp\/v2\/users\/2"}],"replies":[{"embeddable":true,"href":"https:\/\/ndl95.fr\/fr_fr\/wp-json\/wp\/v2\/comments?post=290"}],"version-history":[{"count":56,"href":"https:\/\/ndl95.fr\/fr_fr\/wp-json\/wp\/v2\/pages\/290\/revisions"}],"predecessor-version":[{"id":2214,"href":"https:\/\/ndl95.fr\/fr_fr\/wp-json\/wp\/v2\/pages\/290\/revisions\/2214"}],"wp:attachment":[{"href":"https:\/\/ndl95.fr\/fr_fr\/wp-json\/wp\/v2\/media?parent=290"}],"curies":[{"name":"wp","href":"https:\/\/api.w.org\/{rel}","templated":true}]}}