{"id":210,"date":"2018-06-13T21:38:53","date_gmt":"2018-06-13T21:38:53","guid":{"rendered":"https:\/\/paroisse-notredamedelourdes-argenteuil.fr\/?page_id=210"},"modified":"2019-03-19T15:31:17","modified_gmt":"2019-03-19T14:31:17","slug":"confirmation","status":"publish","type":"page","link":"https:\/\/ndl95.fr\/fr_fr\/confirmation","title":{"rendered":"Confirmation"},"content":{"rendered":"<h1 align=\"center\">La confirmation<\/h1>\n<div align=\"justify\">\n<p>Recevoir le sacrement de confirmation est une d\u00e9cision personnelle que l\u2019on peut prendre lorsque l\u2019on est \u00e0 m\u00eame d\u2019exercer un choix libre et responsable. La confirmation marque une \u00e9tape de <strong>maturit\u00e9 spirituelle<\/strong> o\u00f9 l\u2019on a compris que l\u2019amour de Dieu re\u00e7u au\u00a0bapt\u00eame est un tr\u00e9sor qui ne peut demeurer un privil\u00e8ge personnel mais qu\u2019il nous appartient de partager.<\/p>\n<p>Comme le\u00a0bapt\u00eame, <strong>la\u00a0confirmation\u00a0imprime dans le chr\u00e9tien une marque ind\u00e9l\u00e9bile<\/strong> (c\u2019est ce que l\u2019on appelle le \u00ab\u00a0caract\u00e8re\u00a0\u00bb). Ce\u00a0sacrement\u00a0ne peut donc \u00eatre re\u00e7u qu\u2019une seule fois. Dans l\u2019Eglise catholique, on le re\u00e7oit apr\u00e8s l\u2019\u00e2ge de raison. C\u2019est l\u2019\u00e9v\u00eaque qui, de mani\u00e8re ordinaire, c\u00e9l\u00e8bre ce\u00a0sacrement\u00a0: il manifeste ainsi le <strong>lien avec le don de l\u2019Esprit<\/strong> aux ap\u00f4tres au jour de la\u00a0Pentec\u00f4te\u00a0et la place des confirm\u00e9s dans la communion de toute l\u2019\u00c9glise. C\u2019est lui qui r\u00e9alise l\u2019imposition des mains.<\/p>\n<blockquote><p>\u00ab\u00a0<i>Celui qui nous rend solides pour le Christ dans nos relations avec vous, celui qui nous a consacr\u00e9s, c\u2019est Dieu ; il nous a marqu\u00e9s de son sceau, et il a mis dans nos c\u0153urs l\u2019Esprit, premi\u00e8re avance sur ses dons.<\/i>\u00a0\u00bb (2 Co 1, 21-22)<\/p><\/blockquote>\n<p>C\u2019est avec une huile parfum\u00e9e, le Saint Chr\u00eame, que l\u2019\u00e9v\u00eaque marque le front de chaque confirmand. Comme cette huile r\u00e9pand une bonne odeur, chacun est appel\u00e9, par l\u2019\u00e9lan et la joie de sa vie, \u00e0 <strong>r\u00e9pandre la bonne odeur du Christ<\/strong>, \u00e0 \u00eatre un t\u00e9moin authentique du Ressuscit\u00e9, afin que le corps du Christ s\u2019\u00e9difie dans la foi au Dieu, P\u00e8re, Fils et Esprit, et l\u2019amour des hommes et du monde. Le confirm\u00e9 porte alors joyeusement la responsabilit\u00e9 de <strong>faire conna\u00eetre aux hommes et au monde l\u2019amour dont ils sont aim\u00e9s<\/strong>.<\/p>\n<blockquote><p>\u00ab\u00a0<i>Sois marqu\u00e9 de l\u2019Esprit Saint, le don de Dieu<\/i>\u00a0\u00bb<\/p><\/blockquote>\n<p>La pr\u00e9paration \u00e0 la\u00a0confirmation\u00a0doit viser \u00e0 conduire le chr\u00e9tien vers une <strong>union plus intime au Christ<\/strong>, vers une familiarit\u00e9 plus vive avec l\u2019Esprit Saint, son action, ses dons et ses appels, afin de pouvoir <strong>mieux assumer les responsabilit\u00e9s de la vie chr\u00e9tienne<\/strong>.<\/p>\n<\/div>\n","protected":false},"excerpt":{"rendered":"<p>La confirmation Recevoir le sacrement de confirmation est une d\u00e9cision personnelle que l\u2019on peut prendre lorsque l\u2019on est \u00e0 m\u00eame d\u2019exercer un choix libre et responsable. La confirmation marque une \u00e9tape de maturit\u00e9 spirituelle o\u00f9 l\u2019on a compris que l\u2019amour de Dieu re\u00e7u au\u00a0bapt\u00eame est un tr\u00e9sor qui ne peut [&hellip;]<\/p>\n","protected":false},"author":1,"featured_media":436,"parent":0,"menu_order":0,"comment_status":"closed","ping_status":"closed","template":"","meta":{"jetpack_post_was_ever_published":false,"footnotes":""},"class_list":["post-210","page","type-page","status-publish","has-post-thumbnail","hentry"],"wppr_data":{"cwp_meta_box_check":"No"},"jetpack_sharing_enabled":true,"jetpack_shortlink":"https:\/\/wp.me\/PaXxqy-3o","_links":{"self":[{"href":"https:\/\/ndl95.fr\/fr_fr\/wp-json\/wp\/v2\/pages\/210","targetHints":{"allow":["GET"]}}],"collection":[{"href":"https:\/\/ndl95.fr\/fr_fr\/wp-json\/wp\/v2\/pages"}],"about":[{"href":"https:\/\/ndl95.fr\/fr_fr\/wp-json\/wp\/v2\/types\/page"}],"author":[{"embeddable":true,"href":"https:\/\/ndl95.fr\/fr_fr\/wp-json\/wp\/v2\/users\/1"}],"replies":[{"embeddable":true,"href":"https:\/\/ndl95.fr\/fr_fr\/wp-json\/wp\/v2\/comments?post=210"}],"version-history":[{"count":13,"href":"https:\/\/ndl95.fr\/fr_fr\/wp-json\/wp\/v2\/pages\/210\/revisions"}],"predecessor-version":[{"id":1112,"href":"https:\/\/ndl95.fr\/fr_fr\/wp-json\/wp\/v2\/pages\/210\/revisions\/1112"}],"wp:featuredmedia":[{"embeddable":true,"href":"https:\/\/ndl95.fr\/fr_fr\/wp-json\/wp\/v2\/media\/436"}],"wp:attachment":[{"href":"https:\/\/ndl95.fr\/fr_fr\/wp-json\/wp\/v2\/media?parent=210"}],"curies":[{"name":"wp","href":"https:\/\/api.w.org\/{rel}","templated":true}]}}