{"id":155,"date":"2018-06-07T15:37:13","date_gmt":"2018-06-07T15:37:13","guid":{"rendered":"https:\/\/paroisse-notredamedelourdes-argenteuil.fr\/?page_id=155"},"modified":"2018-11-19T09:29:02","modified_gmt":"2018-11-19T09:29:02","slug":"devenir-chretien","status":"publish","type":"page","link":"https:\/\/ndl95.fr\/fr_fr\/devenir-chretien","title":{"rendered":"Devenir chr\u00e9tien"},"content":{"rendered":"<p><strong><\/p>\n<h1 align=\"center\">Devenir chr\u00e9tien<\/h1>\n<p><\/strong><\/p>\n<p><strong><em>Venez \u00e0 moi\u2026<\/em><\/strong><\/p>\n<div align=\"justify\">\n<p>Ces mots sont une invitation que chacun a entendue d\u2019une mani\u00e8re particuli\u00e8re au fond de son c\u0153ur : comme un murmure d\u2019abord, amplifi\u00e9 peu \u00e0 peu jusqu\u2019\u00e0 devenir un appel irr\u00e9sistible \u00e0 rencontrer celui qui vient vers nous et nous propose de le suivre : J\u00e9sus, le Christ.<\/p>\n<p>A cet appel, vous avez r\u00e9pondu \u00ab oui \u00bb, et vous \u00eates venu frapper \u00e0 la porte d\u2019un presbyt\u00e8re, d\u2019une \u00e9glise ?<br \/>\nEt vous voil\u00e0 d\u00e9butant votre cheminement sur la route de la foi, peut-\u00eatre encore h\u00e9sitant, ou d\u00e9j\u00e0 enthousiaste ? Cette exp\u00e9rience de d\u00e9couverte de la foi, par la Parole de Dieu et une vie en \u00e9glise, se partage avec d\u2019autres chercheurs de Dieu. Des croyants vous accompagnent dans cette aventure o\u00f9 Dieu Lui-m\u00eame se donne.<\/p>\n<p>Votre cheminement commence, alors belle route pour d\u00e9couvrir la joie d\u2019\u00eatre chr\u00e9tien !<\/p>\n<\/div>\n","protected":false},"excerpt":{"rendered":"<p>Devenir chr\u00e9tien Venez \u00e0 moi\u2026 Ces mots sont une invitation que chacun a entendue d\u2019une mani\u00e8re particuli\u00e8re au fond de son c\u0153ur : comme un murmure d\u2019abord, amplifi\u00e9 peu \u00e0 peu jusqu\u2019\u00e0 devenir un appel irr\u00e9sistible \u00e0 rencontrer celui qui vient vers nous et nous propose de le suivre : [&hellip;]<\/p>\n","protected":false},"author":2,"featured_media":458,"parent":0,"menu_order":0,"comment_status":"closed","ping_status":"closed","template":"","meta":{"jetpack_post_was_ever_published":false,"footnotes":""},"class_list":["post-155","page","type-page","status-publish","has-post-thumbnail","hentry"],"wppr_data":{"cwp_meta_box_check":"No"},"jetpack_sharing_enabled":true,"jetpack_shortlink":"https:\/\/wp.me\/PaXxqy-2v","_links":{"self":[{"href":"https:\/\/ndl95.fr\/fr_fr\/wp-json\/wp\/v2\/pages\/155","targetHints":{"allow":["GET"]}}],"collection":[{"href":"https:\/\/ndl95.fr\/fr_fr\/wp-json\/wp\/v2\/pages"}],"about":[{"href":"https:\/\/ndl95.fr\/fr_fr\/wp-json\/wp\/v2\/types\/page"}],"author":[{"embeddable":true,"href":"https:\/\/ndl95.fr\/fr_fr\/wp-json\/wp\/v2\/users\/2"}],"replies":[{"embeddable":true,"href":"https:\/\/ndl95.fr\/fr_fr\/wp-json\/wp\/v2\/comments?post=155"}],"version-history":[{"count":8,"href":"https:\/\/ndl95.fr\/fr_fr\/wp-json\/wp\/v2\/pages\/155\/revisions"}],"predecessor-version":[{"id":568,"href":"https:\/\/ndl95.fr\/fr_fr\/wp-json\/wp\/v2\/pages\/155\/revisions\/568"}],"wp:featuredmedia":[{"embeddable":true,"href":"https:\/\/ndl95.fr\/fr_fr\/wp-json\/wp\/v2\/media\/458"}],"wp:attachment":[{"href":"https:\/\/ndl95.fr\/fr_fr\/wp-json\/wp\/v2\/media?parent=155"}],"curies":[{"name":"wp","href":"https:\/\/api.w.org\/{rel}","templated":true}]}}