{"id":143,"date":"2018-06-07T15:18:25","date_gmt":"2018-06-07T15:18:25","guid":{"rendered":"https:\/\/paroisse-notredamedelourdes-argenteuil.fr\/?page_id=143"},"modified":"2018-12-10T12:56:02","modified_gmt":"2018-12-10T12:56:02","slug":"accueil-des-familles-en-deuil","status":"publish","type":"page","link":"https:\/\/ndl95.fr\/fr_fr\/accueil-des-familles-en-deuil","title":{"rendered":"Accueil des familles en deuil"},"content":{"rendered":"<p><strong><\/p>\n<h1 align=\"center\">Accueil des familles en deuil<\/h1>\n<p><\/strong><\/p>\n<p><strong>Pour la c\u00e9l\u00e9bration des obs\u00e8ques<\/strong><\/p>\n<p align=\"justify\">Lors d&rsquo;un d\u00e9c\u00e8s, la famille est pri\u00e9e de s&rsquo;adresser en premier lieu aux Pompes Fun\u00e8bres. Ce sont les Pompes Fun\u00e8bres qui contactent la paroisse pour fixer le jour et l&rsquo;heure de la c\u00e9l\u00e9bration \u00e0 l&rsquo;\u00e9glise. D\u00e8s qu&rsquo;elle aura \u00e9t\u00e9 avis\u00e9e et qu&rsquo;elle aura r\u00e9pondu positivement, la paroisse fixera un rendez-vous avec la famille pour pr\u00e9parer les obs\u00e8ques, avec le pr\u00eatre et une \u00e9quipe pr\u00e9vue pour ce service.<\/p>\n<p>\n","protected":false},"excerpt":{"rendered":"<p>Accueil des familles en deuil Pour la c\u00e9l\u00e9bration des obs\u00e8ques Lors d&rsquo;un d\u00e9c\u00e8s, la famille est pri\u00e9e de s&rsquo;adresser en premier lieu aux Pompes Fun\u00e8bres. Ce sont les Pompes Fun\u00e8bres qui contactent la paroisse pour fixer le jour et l&rsquo;heure de la c\u00e9l\u00e9bration \u00e0 l&rsquo;\u00e9glise. D\u00e8s qu&rsquo;elle aura \u00e9t\u00e9 avis\u00e9e [&hellip;]<\/p>\n","protected":false},"author":2,"featured_media":0,"parent":0,"menu_order":0,"comment_status":"closed","ping_status":"closed","template":"","meta":{"jetpack_post_was_ever_published":false,"footnotes":""},"class_list":["post-143","page","type-page","status-publish","hentry"],"wppr_data":{"cwp_meta_box_check":"No"},"jetpack_sharing_enabled":true,"jetpack_shortlink":"https:\/\/wp.me\/PaXxqy-2j","_links":{"self":[{"href":"https:\/\/ndl95.fr\/fr_fr\/wp-json\/wp\/v2\/pages\/143","targetHints":{"allow":["GET"]}}],"collection":[{"href":"https:\/\/ndl95.fr\/fr_fr\/wp-json\/wp\/v2\/pages"}],"about":[{"href":"https:\/\/ndl95.fr\/fr_fr\/wp-json\/wp\/v2\/types\/page"}],"author":[{"embeddable":true,"href":"https:\/\/ndl95.fr\/fr_fr\/wp-json\/wp\/v2\/users\/2"}],"replies":[{"embeddable":true,"href":"https:\/\/ndl95.fr\/fr_fr\/wp-json\/wp\/v2\/comments?post=143"}],"version-history":[{"count":7,"href":"https:\/\/ndl95.fr\/fr_fr\/wp-json\/wp\/v2\/pages\/143\/revisions"}],"predecessor-version":[{"id":836,"href":"https:\/\/ndl95.fr\/fr_fr\/wp-json\/wp\/v2\/pages\/143\/revisions\/836"}],"wp:attachment":[{"href":"https:\/\/ndl95.fr\/fr_fr\/wp-json\/wp\/v2\/media?parent=143"}],"curies":[{"name":"wp","href":"https:\/\/api.w.org\/{rel}","templated":true}]}}