{"id":141,"date":"2018-06-07T15:18:07","date_gmt":"2018-06-07T15:18:07","guid":{"rendered":"https:\/\/paroisse-notredamedelourdes-argenteuil.fr\/?page_id=141"},"modified":"2018-12-10T10:19:42","modified_gmt":"2018-12-10T10:19:42","slug":"sacrement-des-malades","status":"publish","type":"page","link":"https:\/\/ndl95.fr\/fr_fr\/sacrement-des-malades","title":{"rendered":"Sacrement des malades"},"content":{"rendered":"<p><strong><\/p>\n<h1 align=\"center\">Sacrement des malades<\/h1>\n<p><\/strong><\/p>\n<div align=\"justify\">\n<p>Le\u00a0sacrement\u00a0de l\u2019onction des malades est assez m\u00e9connu, souvent associ\u00e9 \u00e0 l\u2019extr\u00eame onction, et par cons\u00e9quent \u00e0 tout ce qui touche \u00e0 la mort et aux questions existentielles de l\u2019homme.<\/p>\n<p><strong>L\u2019onction des malades<\/strong><\/p>\n<p>Le\u00a0sacrement\u00a0des malades a pour but de <strong>donner une aide sp\u00e9ciale au chr\u00e9tien confront\u00e9 aux difficult\u00e9s d\u2019une maladie grave ou de la vieillesse<\/strong>. Le chr\u00e9tien peut recevoir le\u00a0sacrement des malades chaque fois qu\u2019il est atteint d\u2019une grave maladie. C\u2019est le\u00a0sacrement\u00a0de la pr\u00e9sence du Seigneur \u00e0 nos c\u00f4t\u00e9s dans les moments d\u2019\u00e9preuve que sont la maladie ou la vieillesse. La c\u00e9l\u00e9bration de ce\u00a0sacrement\u00a0consiste en l\u2019onction d\u2019huile b\u00e9nite sur le front et en l\u2019imposition des mains. Consacr\u00e9e par l\u2019\u00e9v\u00eaque lors de la\u00a0messe\u00a0chrismale annuelle, l\u2019huile dite des malades apporte force et douceur. Elle p\u00e9n\u00e8tre la peau, r\u00e9pand sa bonne odeur, fortifie le corps. Voici les mots qui accompagnent l\u2019onction avec l\u2019huile sainte sur le front et dans les mains des malades :<\/p>\n<blockquote><p><span><em>Par cette onction sainte, que le Seigneur en sa grande bont\u00e9 vous r\u00e9conforte par la gr\u00e2ce de l\u2019Esprit Saint. Ainsi, vous ayant lib\u00e9r\u00e9 de tous p\u00e9ch\u00e9s, qu\u2019il vous sauve et vous rel\u00e8ve.<\/em><\/span><\/p><\/blockquote>\n<p>Avec l\u2019imposition des mains, l\u2019onction rappelle l\u2019attention et la <strong>tendresse de J\u00e9sus Christ<\/strong> envers les personnes malades.<\/p>\n<p><em>\u00ab Si l\u2019un de vous est malade, qu\u2019il fasse appeler les anciens de la communaut\u00e9 qui prieront pour lui en pratiquant une onction d\u2019huile au nom du Seigneur. Leurs pri\u00e8res, inspir\u00e9es par la foi, sauveront le malade, le Seigneur le rel\u00e8vera, et s\u2019il a commis des p\u00e9ch\u00e9s, ils lui seront pardonn\u00e9s. \u00bb Jc\u00a05, 14-15<\/em><\/p>\n<p><strong>Pour le sacrement des malades<\/strong><\/p>\n<p>Nous pr\u00e9voyons <strong>au mois d&rsquo;octobre<\/strong> une c\u00e9l\u00e9bration communautaire du sacrement des malades lors d&rsquo;une Eucharistie dominicale. N&rsquo;h\u00e9sitez pas \u00e0 vous renseigner et \u00e0 communiquer le nom de la personne et son adresse si elle est int\u00e9ress\u00e9e. Nous donnons \u00e9galement ce sacrement aux malades \u00e0 leur domicile. <br \/> Il existe dans la paroisse un service de visiteurs de malades en lien avec l&rsquo;aum\u00f4nerie de l&rsquo;h\u00f4pital. Ceux-ci peuvent venir prier et porter la communion si la personne visit\u00e9e le souhaite.<\/p>\n<\/div>\n","protected":false},"excerpt":{"rendered":"<p>Sacrement des malades Le\u00a0sacrement\u00a0de l\u2019onction des malades est assez m\u00e9connu, souvent associ\u00e9 \u00e0 l\u2019extr\u00eame onction, et par cons\u00e9quent \u00e0 tout ce qui touche \u00e0 la mort et aux questions existentielles de l\u2019homme. L\u2019onction des malades Le\u00a0sacrement\u00a0des malades a pour but de donner une aide sp\u00e9ciale au chr\u00e9tien confront\u00e9 aux difficult\u00e9s [&hellip;]<\/p>\n","protected":false},"author":2,"featured_media":442,"parent":0,"menu_order":0,"comment_status":"closed","ping_status":"closed","template":"","meta":{"jetpack_post_was_ever_published":false,"footnotes":""},"class_list":["post-141","page","type-page","status-publish","has-post-thumbnail","hentry"],"wppr_data":{"cwp_meta_box_check":"No"},"jetpack_sharing_enabled":true,"jetpack_shortlink":"https:\/\/wp.me\/PaXxqy-2h","_links":{"self":[{"href":"https:\/\/ndl95.fr\/fr_fr\/wp-json\/wp\/v2\/pages\/141","targetHints":{"allow":["GET"]}}],"collection":[{"href":"https:\/\/ndl95.fr\/fr_fr\/wp-json\/wp\/v2\/pages"}],"about":[{"href":"https:\/\/ndl95.fr\/fr_fr\/wp-json\/wp\/v2\/types\/page"}],"author":[{"embeddable":true,"href":"https:\/\/ndl95.fr\/fr_fr\/wp-json\/wp\/v2\/users\/2"}],"replies":[{"embeddable":true,"href":"https:\/\/ndl95.fr\/fr_fr\/wp-json\/wp\/v2\/comments?post=141"}],"version-history":[{"count":12,"href":"https:\/\/ndl95.fr\/fr_fr\/wp-json\/wp\/v2\/pages\/141\/revisions"}],"predecessor-version":[{"id":834,"href":"https:\/\/ndl95.fr\/fr_fr\/wp-json\/wp\/v2\/pages\/141\/revisions\/834"}],"wp:featuredmedia":[{"embeddable":true,"href":"https:\/\/ndl95.fr\/fr_fr\/wp-json\/wp\/v2\/media\/442"}],"wp:attachment":[{"href":"https:\/\/ndl95.fr\/fr_fr\/wp-json\/wp\/v2\/media?parent=141"}],"curies":[{"name":"wp","href":"https:\/\/api.w.org\/{rel}","templated":true}]}}