{"id":139,"date":"2018-06-07T15:17:53","date_gmt":"2018-06-07T15:17:53","guid":{"rendered":"https:\/\/paroisse-notredamedelourdes-argenteuil.fr\/?page_id=139"},"modified":"2018-11-19T09:39:39","modified_gmt":"2018-11-19T09:39:39","slug":"sacrement-de-la-reconciliation","status":"publish","type":"page","link":"https:\/\/ndl95.fr\/fr_fr\/sacrement-de-la-reconciliation","title":{"rendered":"Sacrement de la r\u00e9conciliation"},"content":{"rendered":"<p><strong><\/p>\n<h1 align=\"center\">La p\u00e9nitence et la r\u00e9conciliation<\/h1>\n<p><\/strong><\/p>\n<p>Ce sacrement est le signe de l\u2019amour infini de Dieu. Le pardon de Dieu est toujours possible, si nous faisons une d\u00e9marche vraiment sinc\u00e8re. En se reconnaissant p\u00e9cheur, nous croyons que l\u2019amour infini de Dieu est toujours le plus fort. Le dialogue avec un pr\u00eatre est le signe efficace de la r\u00e9conciliation avec Dieu et avec nos fr\u00e8res.<\/p>\n<p><span><strong>Pour le sacrement du pardon<\/strong><\/span><\/p>\n<p><span>Lors des c\u00e9l\u00e9brations de la No\u00ebl et de P\u00e2ques, il est pr\u00e9vu une c\u00e9l\u00e9bration communautaire de la r\u00e9conciliation o\u00f9 chacun a l&rsquo;occasion de rencontrer personnellement le pr\u00eatre.<\/span><\/p>\n<p><span>Durant toute l&rsquo;ann\u00e9e, les pr\u00eatres sont \u00e0 la disposition de ceux qui d\u00e9sirent se confesser.Un oratoire est ouvert toute le journ\u00e9e au presbyt\u00e8re pour s&rsquo;y pr\u00e9parer. Les confessions peuvent se faire soit sur rendez-vous , soit sur la demande lorsqu&rsquo;un des pr\u00eatres est au presbyt\u00e8re.<\/span><\/p>\n","protected":false},"excerpt":{"rendered":"<p>La p\u00e9nitence et la r\u00e9conciliation Ce sacrement est le signe de l\u2019amour infini de Dieu. Le pardon de Dieu est toujours possible, si nous faisons une d\u00e9marche vraiment sinc\u00e8re. En se reconnaissant p\u00e9cheur, nous croyons que l\u2019amour infini de Dieu est toujours le plus fort. Le dialogue avec un pr\u00eatre [&hellip;]<\/p>\n","protected":false},"author":2,"featured_media":441,"parent":0,"menu_order":0,"comment_status":"closed","ping_status":"closed","template":"","meta":{"jetpack_post_was_ever_published":false,"footnotes":""},"class_list":["post-139","page","type-page","status-publish","has-post-thumbnail","hentry"],"wppr_data":{"cwp_meta_box_check":"No"},"jetpack_sharing_enabled":true,"jetpack_shortlink":"https:\/\/wp.me\/PaXxqy-2f","_links":{"self":[{"href":"https:\/\/ndl95.fr\/fr_fr\/wp-json\/wp\/v2\/pages\/139","targetHints":{"allow":["GET"]}}],"collection":[{"href":"https:\/\/ndl95.fr\/fr_fr\/wp-json\/wp\/v2\/pages"}],"about":[{"href":"https:\/\/ndl95.fr\/fr_fr\/wp-json\/wp\/v2\/types\/page"}],"author":[{"embeddable":true,"href":"https:\/\/ndl95.fr\/fr_fr\/wp-json\/wp\/v2\/users\/2"}],"replies":[{"embeddable":true,"href":"https:\/\/ndl95.fr\/fr_fr\/wp-json\/wp\/v2\/comments?post=139"}],"version-history":[{"count":8,"href":"https:\/\/ndl95.fr\/fr_fr\/wp-json\/wp\/v2\/pages\/139\/revisions"}],"predecessor-version":[{"id":578,"href":"https:\/\/ndl95.fr\/fr_fr\/wp-json\/wp\/v2\/pages\/139\/revisions\/578"}],"wp:featuredmedia":[{"embeddable":true,"href":"https:\/\/ndl95.fr\/fr_fr\/wp-json\/wp\/v2\/media\/441"}],"wp:attachment":[{"href":"https:\/\/ndl95.fr\/fr_fr\/wp-json\/wp\/v2\/media?parent=139"}],"curies":[{"name":"wp","href":"https:\/\/api.w.org\/{rel}","templated":true}]}}