{"id":137,"date":"2018-06-07T15:17:40","date_gmt":"2018-06-07T15:17:40","guid":{"rendered":"https:\/\/paroisse-notredamedelourdes-argenteuil.fr\/?page_id=137"},"modified":"2018-11-27T10:04:12","modified_gmt":"2018-11-27T10:04:12","slug":"mariage","status":"publish","type":"page","link":"https:\/\/ndl95.fr\/fr_fr\/mariage","title":{"rendered":"Mariage"},"content":{"rendered":"<p><strong><\/p>\n<h1 align=\"center\">Le mariage<\/h1>\n<p><\/strong><\/p>\n<div align=\"justify\">\n<p>Le mariage est l\u2019alliance entre un homme et une femme unis par un m\u00eame amour. Dans cette alliance se r\u00e9v\u00e8le le plus pleinement l\u2019histoire des alliances entre Dieu et l\u2019humanit\u00e9 scell\u00e9e dans l\u2019amour du Christ qui a donn\u00e9 sa vie pour nous. Le sacrement\u00a0de mariage sanctifie l\u2019union d\u2019un homme et d\u2019une femme et situe l\u2019amour des \u00e9poux au c\u0153ur de l\u2019amour de Dieu pour l\u2019humanit\u00e9.<br \/>\nC\u2019est un engagement pris devant Dieu. La dignit\u00e9 de cet engagement s\u2019articule sur les quatre piliers que scelle l\u2019\u00e9change des consentements\u00a0: la libert\u00e9, la fid\u00e9lit\u00e9, l\u2019indissolubilit\u00e9 et la f\u00e9condit\u00e9. Chacun des fianc\u00e9s doit \u00eatre pleinement libre au moment de son engagement. Les conjoints se promettent fid\u00e9lit\u00e9, et cette promesse est source de confiance r\u00e9ciproque.<\/p>\n<\/div>\n<p><strong>Pour l&rsquo;inscription d&rsquo;un mariage<\/strong><\/p>\n<div align=\"justify\">\n<p>Nous demandons au couple d&rsquo;inscrire son mariage\u00a0au moins 6 mois\u00a0avant sa c\u00e9l\u00e9bration. Nous organisons la pr\u00e9paration avec tous les couples inscrits. Cela n\u00e9cessite plusieurs rencontres.<br \/>\nAvant de proc\u00e9der \u00e0 son inscription \u00e0 l&rsquo;accueil, le couple est pri\u00e9 de rencontrer le cur\u00e9 de la paroisse (le P\u00e8re Dominique) afin de s&rsquo;assurer que son mariage remplit les conditions pour \u00eatre c\u00e9l\u00e9br\u00e9 \u00e0 l&rsquo;\u00e9glise. Il faudra aussi v\u00e9rifier le domicile des fianc\u00e9s. Ceux-ci pourront \u00e0 cette occasion fixer la date pour la c\u00e9l\u00e9bration de leur mariage.<\/p>\n<p>Pour cette premi\u00e8re rencontre, il suffit de prendre un rendez-vous par t\u00e9l\u00e9phone au 01 39 61 06 70. Lors de cette premi\u00e8re rencontre, toutes les explications seront donn\u00e9es concernant le dossier \u00e0 constituer et la pr\u00e9paration \u00e0 effectuer.<\/p>\n<\/div>\n","protected":false},"excerpt":{"rendered":"<p>Le mariage Le mariage est l\u2019alliance entre un homme et une femme unis par un m\u00eame amour. Dans cette alliance se r\u00e9v\u00e8le le plus pleinement l\u2019histoire des alliances entre Dieu et l\u2019humanit\u00e9 scell\u00e9e dans l\u2019amour du Christ qui a donn\u00e9 sa vie pour nous. Le sacrement\u00a0de mariage sanctifie l\u2019union d\u2019un [&hellip;]<\/p>\n","protected":false},"author":2,"featured_media":439,"parent":0,"menu_order":0,"comment_status":"closed","ping_status":"closed","template":"","meta":{"jetpack_post_was_ever_published":false,"footnotes":""},"class_list":["post-137","page","type-page","status-publish","has-post-thumbnail","hentry"],"wppr_data":{"cwp_meta_box_check":"No"},"jetpack_sharing_enabled":true,"jetpack_shortlink":"https:\/\/wp.me\/PaXxqy-2d","_links":{"self":[{"href":"https:\/\/ndl95.fr\/fr_fr\/wp-json\/wp\/v2\/pages\/137","targetHints":{"allow":["GET"]}}],"collection":[{"href":"https:\/\/ndl95.fr\/fr_fr\/wp-json\/wp\/v2\/pages"}],"about":[{"href":"https:\/\/ndl95.fr\/fr_fr\/wp-json\/wp\/v2\/types\/page"}],"author":[{"embeddable":true,"href":"https:\/\/ndl95.fr\/fr_fr\/wp-json\/wp\/v2\/users\/2"}],"replies":[{"embeddable":true,"href":"https:\/\/ndl95.fr\/fr_fr\/wp-json\/wp\/v2\/comments?post=137"}],"version-history":[{"count":12,"href":"https:\/\/ndl95.fr\/fr_fr\/wp-json\/wp\/v2\/pages\/137\/revisions"}],"predecessor-version":[{"id":682,"href":"https:\/\/ndl95.fr\/fr_fr\/wp-json\/wp\/v2\/pages\/137\/revisions\/682"}],"wp:featuredmedia":[{"embeddable":true,"href":"https:\/\/ndl95.fr\/fr_fr\/wp-json\/wp\/v2\/media\/439"}],"wp:attachment":[{"href":"https:\/\/ndl95.fr\/fr_fr\/wp-json\/wp\/v2\/media?parent=137"}],"curies":[{"name":"wp","href":"https:\/\/api.w.org\/{rel}","templated":true}]}}