{"id":133,"date":"2018-06-07T15:17:07","date_gmt":"2018-06-07T15:17:07","guid":{"rendered":"https:\/\/paroisse-notredamedelourdes-argenteuil.fr\/?page_id=133"},"modified":"2018-11-27T15:35:08","modified_gmt":"2018-11-27T15:35:08","slug":"eucharistie","status":"publish","type":"page","link":"https:\/\/ndl95.fr\/fr_fr\/eucharistie","title":{"rendered":"Eucharistie"},"content":{"rendered":"<div align=\"center\">\n<h1>Eucharistie<\/h1>\n<\/div>\n<div align=\"justify\">\n<p>L\u2019Eucharistie (ou communion) est le troisi\u00e8me sacrement de l\u2019Initiation Chr\u00e9tienne. Le mot \u00ab&nbsp;Eucharistie&nbsp;\u00bb signifie \u00ab&nbsp;action de gr\u00e2ces&nbsp;\u00bb. C\u2019est le peuple qui rend gr\u00e2ce au P\u00e8re, par son Fils, dans l\u2019Esprit pour le don qu\u2019il nous fait de sa Vie.<\/p>\n<p><strong>\u00ab L\u2019Eucharistie est la source et le sommet de toute la vie chr\u00e9tienne \u00bb<\/strong> (Vatican II Constitution sur l\u2019Eglise n\u00b0 11)<\/p>\n<p>C\u2019est par l\u2019Eucharistie que nous est donn\u00e9e la Vie de Dieu, le Pain de la route. Recevoir le Pain de Dieu nous invite \u00e0 partager notre pain avec nos fr\u00e8res en humanit\u00e9. L\u2019Eucharistie structure la vie chr\u00e9tienne, elle la ponctue, elle est la respiration dans la vie spirituelle. C\u2019est une actualisation de la P\u00e2que et non pas sa r\u00e9p\u00e9tition ou son simple souvenir. L\u2019Eucharistie, ou la messe, est un rappel de la derni\u00e8re C\u00e8ne, de la mort et de la r\u00e9surrection de J\u00e9sus Christ.<\/p>\n<\/div>\n","protected":false},"excerpt":{"rendered":"<p>Eucharistie L\u2019Eucharistie (ou communion) est le troisi\u00e8me sacrement de l\u2019Initiation Chr\u00e9tienne. Le mot \u00ab&nbsp;Eucharistie&nbsp;\u00bb signifie \u00ab&nbsp;action de gr\u00e2ces&nbsp;\u00bb. C\u2019est le peuple qui rend gr\u00e2ce au P\u00e8re, par son Fils, dans l\u2019Esprit pour le don qu\u2019il nous fait de sa Vie. \u00ab L\u2019Eucharistie est la source et le sommet de toute [&hellip;]<\/p>\n","protected":false},"author":2,"featured_media":434,"parent":0,"menu_order":0,"comment_status":"closed","ping_status":"closed","template":"","meta":{"jetpack_post_was_ever_published":false,"footnotes":""},"class_list":["post-133","page","type-page","status-publish","has-post-thumbnail","hentry"],"wppr_data":{"cwp_meta_box_check":"No"},"jetpack_sharing_enabled":true,"jetpack_shortlink":"https:\/\/wp.me\/PaXxqy-29","_links":{"self":[{"href":"https:\/\/ndl95.fr\/fr_fr\/wp-json\/wp\/v2\/pages\/133","targetHints":{"allow":["GET"]}}],"collection":[{"href":"https:\/\/ndl95.fr\/fr_fr\/wp-json\/wp\/v2\/pages"}],"about":[{"href":"https:\/\/ndl95.fr\/fr_fr\/wp-json\/wp\/v2\/types\/page"}],"author":[{"embeddable":true,"href":"https:\/\/ndl95.fr\/fr_fr\/wp-json\/wp\/v2\/users\/2"}],"replies":[{"embeddable":true,"href":"https:\/\/ndl95.fr\/fr_fr\/wp-json\/wp\/v2\/comments?post=133"}],"version-history":[{"count":9,"href":"https:\/\/ndl95.fr\/fr_fr\/wp-json\/wp\/v2\/pages\/133\/revisions"}],"predecessor-version":[{"id":704,"href":"https:\/\/ndl95.fr\/fr_fr\/wp-json\/wp\/v2\/pages\/133\/revisions\/704"}],"wp:featuredmedia":[{"embeddable":true,"href":"https:\/\/ndl95.fr\/fr_fr\/wp-json\/wp\/v2\/media\/434"}],"wp:attachment":[{"href":"https:\/\/ndl95.fr\/fr_fr\/wp-json\/wp\/v2\/media?parent=133"}],"curies":[{"name":"wp","href":"https:\/\/api.w.org\/{rel}","templated":true}]}}