{"id":131,"date":"2018-06-07T15:16:57","date_gmt":"2018-06-07T15:16:57","guid":{"rendered":"https:\/\/paroisse-notredamedelourdes-argenteuil.fr\/?page_id=131"},"modified":"2021-12-04T21:36:15","modified_gmt":"2021-12-04T20:36:15","slug":"bapteme","status":"publish","type":"page","link":"https:\/\/ndl95.fr\/fr_fr\/bapteme","title":{"rendered":"Bapt\u00eame"},"content":{"rendered":"<h1 align=\"center\">Le bapt\u00eame<\/h1>\n<div align=\"justify\"><span><em><strong>Allez de toutes les nations faites des disciples, baptisez-les au nom du P\u00e8re, et du Fils, et du Saint-Esprit\u00a0\u00bb<\/strong>\u00a0(Jean 3, 5).<\/em><\/span>Le mot \u00ab\u00a0bapt\u00eame\u00a0\u00bb vient d\u2019un verbe grec qui signifie \u00ab\u00a0plonger, immerger\u00a0\u00bb. \u00catre baptis\u00e9, c\u2019est \u00eatre plong\u00e9 dans la mort et la\u00a0r\u00e9surrection\u00a0du Christ, c\u2019est un\u00a0rite\u00a0de passage. Configur\u00e9s au Christ, nous devenons fils d\u2019un m\u00eame P\u00e8re et fr\u00e8res de J\u00e9sus-Christ, par l\u2019Esprit Saint. Le\u00a0bapt\u00eame\u00a0est le\u00a0<strong>sacrement\u00a0de la naissance \u00e0 la vie chr\u00e9tienne<\/strong> : marqu\u00e9 du signe de la croix, plong\u00e9 dans l\u2019eau, le nouveau baptis\u00e9 rena\u00eet \u00e0 une vie nouvelle. Devenu chr\u00e9tien, le nouveau baptis\u00e9 peut <strong>vivre selon l\u2019Esprit de Dieu<\/strong>.<\/p>\n<p><span>La c\u00e9l\u00e9bration du\u00a0bapt\u00eame\u00a0a son point culminant dans le bain d\u2019eau accompagn\u00e9 de cette parole :<\/span><\/p>\n<div>\n<blockquote><p>Je te baptise au nom du P\u00e8re, et du Fils, et du Saint-Esprit.<\/p><\/blockquote>\n<p>&nbsp;<\/p>\n<h4>Pour l&rsquo;inscription du bapt\u00eame d&rsquo;un b\u00e9b\u00e9 :<\/h4>\n<p><span>&#8211;\u00a0Elle se fait \u00e0 la paroisse 2 mois avant la c\u00e9l\u00e9bration, pendant les temps d&rsquo;accueil. (mercredi de 16h30 \u00e0 18h30 et samedi de 10h \u00e0 12h)<\/span><\/p>\n<p><span>&#8211; On vous demandera une copie int\u00e9grale de l&rsquo;acte de naissance de l&rsquo;enfant. Nous vous rappelons que <strong>le parrain et la marraine doivent \u00eatre baptis\u00e9s<\/strong>.<\/span><\/p>\n<p><span>&#8211; On vous informera des dates des rencontres pour la pr\u00e9paration. La premi\u00e8re a toujours lieu le premier jeudi du mois \u00e0 20H30 avec le pr\u00eatre. La seconde d\u00e9pendra de la date du bapt\u00eame.<\/span><\/p>\n<p><span>&#8211; Les bapt\u00eames sont ordinairement c\u00e9l\u00e9br\u00e9s apr\u00e8s la messe du dimanche : le premier\u00a0dimanche\u00a0du mois \u00e0 Notre Dame de Lourdes \u00e0 10H30, les trois derniers dimanches du mois \u00e0 Saint Jean \u00e0 12H. (Acc\u00e8s \u00e0 la paroisse et \u00e0 l&rsquo;accueil au 9 rue du Moulin Sarrazin)<br \/>\n<\/span><\/p>\n<p><span>&#8211; Lors de l&rsquo;inscription, on vous demandera <strong>5 euros pour le livret<\/strong> qui vous permettra de pr\u00e9parer la c\u00e9r\u00e9monie. Au jour de la c\u00e9l\u00e9bration du bapt\u00eame, la paroisse vous demandera une participation financi\u00e8re pour son fonctionnement.<\/span><\/p>\n<p><span>&#8211; Si l&rsquo;enfant a\u00a04 ans ou plus, il devra recevoir une pr\u00e9paration pour son bapt\u00eame. Renseignements \u00e0 l&rsquo;accueil.<br \/>\nPour le bapt\u00eame des enfants \u00e0 partir de 5-6 ans, d&rsquo;adolescents ou d&rsquo;adultes, veuillez consulter la rubrique <a href=\"https:\/\/ndl95.fr\/catechese\">Cat\u00e9ch\u00e8se<\/a>.<\/span><\/p>\n<\/div>\n<\/div>\n","protected":false},"excerpt":{"rendered":"<p>Le bapt\u00eame Allez de toutes les nations faites des disciples, baptisez-les au nom du P\u00e8re, et du Fils, et du Saint-Esprit\u00a0\u00bb\u00a0(Jean 3, 5).Le mot \u00ab\u00a0bapt\u00eame\u00a0\u00bb vient d\u2019un verbe grec qui signifie \u00ab\u00a0plonger, immerger\u00a0\u00bb. \u00catre baptis\u00e9, c\u2019est \u00eatre plong\u00e9 dans la mort et la\u00a0r\u00e9surrection\u00a0du Christ, c\u2019est un\u00a0rite\u00a0de passage. Configur\u00e9s au Christ, [&hellip;]<\/p>\n","protected":false},"author":2,"featured_media":694,"parent":0,"menu_order":0,"comment_status":"closed","ping_status":"closed","template":"","meta":{"jetpack_post_was_ever_published":false,"footnotes":""},"class_list":["post-131","page","type-page","status-publish","has-post-thumbnail","hentry"],"wppr_data":{"cwp_meta_box_check":"No"},"jetpack_sharing_enabled":true,"jetpack_shortlink":"https:\/\/wp.me\/PaXxqy-27","_links":{"self":[{"href":"https:\/\/ndl95.fr\/fr_fr\/wp-json\/wp\/v2\/pages\/131","targetHints":{"allow":["GET"]}}],"collection":[{"href":"https:\/\/ndl95.fr\/fr_fr\/wp-json\/wp\/v2\/pages"}],"about":[{"href":"https:\/\/ndl95.fr\/fr_fr\/wp-json\/wp\/v2\/types\/page"}],"author":[{"embeddable":true,"href":"https:\/\/ndl95.fr\/fr_fr\/wp-json\/wp\/v2\/users\/2"}],"replies":[{"embeddable":true,"href":"https:\/\/ndl95.fr\/fr_fr\/wp-json\/wp\/v2\/comments?post=131"}],"version-history":[{"count":19,"href":"https:\/\/ndl95.fr\/fr_fr\/wp-json\/wp\/v2\/pages\/131\/revisions"}],"predecessor-version":[{"id":1083,"href":"https:\/\/ndl95.fr\/fr_fr\/wp-json\/wp\/v2\/pages\/131\/revisions\/1083"}],"wp:featuredmedia":[{"embeddable":true,"href":"https:\/\/ndl95.fr\/fr_fr\/wp-json\/wp\/v2\/media\/694"}],"wp:attachment":[{"href":"https:\/\/ndl95.fr\/fr_fr\/wp-json\/wp\/v2\/media?parent=131"}],"curies":[{"name":"wp","href":"https:\/\/api.w.org\/{rel}","templated":true}]}}