{"id":123,"date":"2018-06-07T15:15:16","date_gmt":"2018-06-07T15:15:16","guid":{"rendered":"https:\/\/paroisse-notredamedelourdes-argenteuil.fr\/?page_id=123"},"modified":"2019-01-15T14:23:33","modified_gmt":"2019-01-15T14:23:33","slug":"eveil-a-la-foi","status":"publish","type":"page","link":"https:\/\/ndl95.fr\/fr_fr\/eveil-a-la-foi","title":{"rendered":"\u00c9veil \u00e0 la foi"},"content":{"rendered":"<p><strong><\/p>\n<h1 align=\"center\">\u00c9veil \u00e0 la foi<\/h1>\n<p><\/strong><\/p>\n<div align=\"justify\">\n<p>Votre enfant a entre 4 et 7 ans : c&rsquo;est une p\u00e9riode o\u00f9 il s&rsquo;ouvre \u00e0 tout ce qui l&rsquo;entoure. Nous vous invitons, <strong>parents et enfants<\/strong>, \u00e0 venir partager, prier, bricoler et chanter.<br \/>\nTous ensemble pour d\u00e9couvrir un nouvel ami : JESUS.<br \/>\n\u00c0 chaque rencontre, un temps de partage sera propos\u00e9 aux parents.<br \/>\nToutes les rencontres auront lieu \u00e0 la crypte de la chapelle Saint-Jean, 60 rue d&rsquo;Ascq.<br \/>\nParticipation aux frais : 15\u20ac<br \/>\n<br \/>\nPour plus de renseignements, contactez la paroisse au 01 39 61 06 70.<\/p>\n<\/div>\n","protected":false},"excerpt":{"rendered":"<p>\u00c9veil \u00e0 la foi Votre enfant a entre 4 et 7 ans : c&rsquo;est une p\u00e9riode o\u00f9 il s&rsquo;ouvre \u00e0 tout ce qui l&rsquo;entoure. Nous vous invitons, parents et enfants, \u00e0 venir partager, prier, bricoler et chanter. Tous ensemble pour d\u00e9couvrir un nouvel ami : JESUS. \u00c0 chaque rencontre, un [&hellip;]<\/p>\n","protected":false},"author":2,"featured_media":0,"parent":0,"menu_order":0,"comment_status":"closed","ping_status":"closed","template":"","meta":{"jetpack_post_was_ever_published":false,"footnotes":""},"class_list":["post-123","page","type-page","status-publish","hentry"],"wppr_data":{"cwp_meta_box_check":"No"},"jetpack_sharing_enabled":true,"jetpack_shortlink":"https:\/\/wp.me\/PaXxqy-1Z","_links":{"self":[{"href":"https:\/\/ndl95.fr\/fr_fr\/wp-json\/wp\/v2\/pages\/123","targetHints":{"allow":["GET"]}}],"collection":[{"href":"https:\/\/ndl95.fr\/fr_fr\/wp-json\/wp\/v2\/pages"}],"about":[{"href":"https:\/\/ndl95.fr\/fr_fr\/wp-json\/wp\/v2\/types\/page"}],"author":[{"embeddable":true,"href":"https:\/\/ndl95.fr\/fr_fr\/wp-json\/wp\/v2\/users\/2"}],"replies":[{"embeddable":true,"href":"https:\/\/ndl95.fr\/fr_fr\/wp-json\/wp\/v2\/comments?post=123"}],"version-history":[{"count":6,"href":"https:\/\/ndl95.fr\/fr_fr\/wp-json\/wp\/v2\/pages\/123\/revisions"}],"predecessor-version":[{"id":970,"href":"https:\/\/ndl95.fr\/fr_fr\/wp-json\/wp\/v2\/pages\/123\/revisions\/970"}],"wp:attachment":[{"href":"https:\/\/ndl95.fr\/fr_fr\/wp-json\/wp\/v2\/media?parent=123"}],"curies":[{"name":"wp","href":"https:\/\/api.w.org\/{rel}","templated":true}]}}